{"id":714,"date":"2020-02-18T12:47:11","date_gmt":"2020-02-18T11:47:11","guid":{"rendered":"http:\/\/uk-waldmann.de\/WP\/asyl\/?page_id=714"},"modified":"2025-01-08T15:15:13","modified_gmt":"2025-01-08T14:15:13","slug":"blog-bari-zugriff-beantragen","status":"publish","type":"page","link":"http:\/\/uk-waldmann.de\/WP\/asyl\/blog-bari-zugriff-beantragen\/","title":{"rendered":"Blog-Bari Zugriff beantragen"},"content":{"rendered":"<p>&nbsp;<\/p>\n<p>Lieber Besucher des Blog-Bari<\/p>\n<p>in diesem Blog habe wir niedergeschrieben, was wir als Paten, Pflegeeltern bzw. Fl\u00fcchtlingshelfer vor allem im Umgang mit Beh\u00f6rden (in Bayern) erlebt haben.<br \/>Den Zugang zum Blog \/ Journal wurde mit einer Kennung versehen um die Sicherheit von Bari sowie die Pers\u00f6nlichkeits- und Datenschutzrechte der beteiligten Personen soweit m\u00f6glich zu gew\u00e4hrleisten.&nbsp;<\/p>\n<p>Wenn Sie Zugang haben m\u00f6chten, f\u00fcllen Sie bitte nachfolgendes Formular aus. Nachdem ich Ihre Identit\u00e4t soweit m\u00f6glich gepr\u00fcft habe werde Ich Ihnen den Zugang einrichten und die Berechtigung zusenden.&nbsp; Bitte haben Sie Verst\u00e4ndnis daf\u00fcr, dieser Vorgang einige Tage in Anspruch nehmen kann.<\/p>\n<p>&nbsp;<\/p>\n\n\n<p><\/p>\n\n\n\n<p class=\"has-text-align-center has-light-gray-color has-tertiary-background-color has-text-color has-background has-link-color wp-elements-da26cd8a976859672eabce6ede134565\"><strong>Aktuell ist der Zugang zum Blog \/ Journal nicht m\u00f6glich<\/strong><\/p>\n\n\n\n<p><br> Danke, Klaus Waldmann<\/p>\n","protected":false},"excerpt":{"rendered":"<p>&nbsp; Lieber Besucher des Blog-Bari in diesem Blog habe wir niedergeschrieben, was wir als Paten, Pflegeeltern bzw. Fl\u00fcchtlingshelfer vor allem im Umgang mit Beh\u00f6rden (in [&#8230;]<\/p>\n","protected":false},"author":1,"featured_media":0,"parent":0,"menu_order":0,"comment_status":"closed","ping_status":"closed","template":"","meta":{"_lmt_disableupdate":"","_lmt_disable":"","footnotes":""},"class_list":["post-714","page","type-page","status-publish","hentry"],"_links":{"self":[{"href":"http:\/\/uk-waldmann.de\/WP\/asyl\/wp-json\/wp\/v2\/pages\/714","targetHints":{"allow":["GET"]}}],"collection":[{"href":"http:\/\/uk-waldmann.de\/WP\/asyl\/wp-json\/wp\/v2\/pages"}],"about":[{"href":"http:\/\/uk-waldmann.de\/WP\/asyl\/wp-json\/wp\/v2\/types\/page"}],"author":[{"embeddable":true,"href":"http:\/\/uk-waldmann.de\/WP\/asyl\/wp-json\/wp\/v2\/users\/1"}],"replies":[{"embeddable":true,"href":"http:\/\/uk-waldmann.de\/WP\/asyl\/wp-json\/wp\/v2\/comments?post=714"}],"version-history":[{"count":9,"href":"http:\/\/uk-waldmann.de\/WP\/asyl\/wp-json\/wp\/v2\/pages\/714\/revisions"}],"predecessor-version":[{"id":967,"href":"http:\/\/uk-waldmann.de\/WP\/asyl\/wp-json\/wp\/v2\/pages\/714\/revisions\/967"}],"wp:attachment":[{"href":"http:\/\/uk-waldmann.de\/WP\/asyl\/wp-json\/wp\/v2\/media?parent=714"}],"curies":[{"name":"wp","href":"https:\/\/api.w.org\/{rel}","templated":true}]}}