{"id":160,"date":"2019-08-13T19:12:08","date_gmt":"2019-08-13T17:12:08","guid":{"rendered":"http:\/\/uk-waldmann.de\/WP\/asyl\/?page_id=160"},"modified":"2025-01-08T15:09:17","modified_gmt":"2025-01-08T14:09:17","slug":"umf","status":"publish","type":"page","link":"https:\/\/uk-waldmann.de\/WP\/asyl\/hilfe-vor-ort\/umf\/","title":{"rendered":"umF"},"content":{"rendered":"\n<p>umF ( unbegleitete minderj\u00e4hrige Fl\u00fcchtlinge), so nennen die meisten Kommunen junge Fl\u00fcchtlinge, welche ohne Begleitung der  Erziehungsberechtigten nach Deutschland kommen. Oft findet man in der Literatur auch den Begriff  UMA (unbegleitete minderj\u00e4hrige Ausl\u00e4nder). <\/p>\n\n\n\n<p>Uschi und ich haben um den Jahreswechsel 2015 \/ 2016 begonnen uns besonders um diese Personengruppe zu k\u00fcmmern. Gerade im Herbst 2015 sind sehr viele junge Menschen ohne Begleitung Erwachsener auch in Erlangen angekommen.<br>Im Februar 2016 haben wir f\u00fcr einen afghanischen jungen Asylbewerber die Patenschaft \u00fcbernommen. Im Dezember 2016 zog der damals 16 j\u00e4hrige bei uns ein, nachdem wir f\u00fcr ihn die Pflegschaft \u00fcbernommen haben. Seit dieser Zeit betreuen wir Ba<span class=\"footnote_tooltip\" id=\"footnote_plugin_tooltip_text_1\">ha<\/span> sehr intensiv und unterst\u00fctzen ihn soweit wir k\u00f6nnen im Umgang mit den Beh\u00f6rden.<br><br>Weihnachten 2019 habe ich begonnen ein Journal (Tagebuch \/ Blog) aufzubauen um \u00fcber die gemachten Erfahrungen, insbesondere im Umgang mit deutschen Beh\u00f6rden zu berichten. <br><br>Siehe dazu: <a href=\"http:\/\/uk-waldmann.de\/WP\/asyl\/hilfe-vor-ort\/bb-index\/\">Die unendlichen Leiden des jungen Fl\u00fcchtlings B.<\/a><\/p>\n","protected":false},"excerpt":{"rendered":"<p>umF ( unbegleitete minderj\u00e4hrige Fl\u00fcchtlinge), so nennen die meisten Kommunen junge Fl\u00fcchtlinge, welche ohne Begleitung der Erziehungsberechtigten nach Deutschland kommen. Oft findet man in der [&#8230;]<\/p>\n","protected":false},"author":1,"featured_media":0,"parent":79,"menu_order":210,"comment_status":"closed","ping_status":"closed","template":"","meta":{"_lmt_disableupdate":"","_lmt_disable":"","footnotes":""},"class_list":["post-160","page","type-page","status-publish","hentry"],"_links":{"self":[{"href":"https:\/\/uk-waldmann.de\/WP\/asyl\/wp-json\/wp\/v2\/pages\/160","targetHints":{"allow":["GET"]}}],"collection":[{"href":"https:\/\/uk-waldmann.de\/WP\/asyl\/wp-json\/wp\/v2\/pages"}],"about":[{"href":"https:\/\/uk-waldmann.de\/WP\/asyl\/wp-json\/wp\/v2\/types\/page"}],"author":[{"embeddable":true,"href":"https:\/\/uk-waldmann.de\/WP\/asyl\/wp-json\/wp\/v2\/users\/1"}],"replies":[{"embeddable":true,"href":"https:\/\/uk-waldmann.de\/WP\/asyl\/wp-json\/wp\/v2\/comments?post=160"}],"version-history":[{"count":16,"href":"https:\/\/uk-waldmann.de\/WP\/asyl\/wp-json\/wp\/v2\/pages\/160\/revisions"}],"predecessor-version":[{"id":963,"href":"https:\/\/uk-waldmann.de\/WP\/asyl\/wp-json\/wp\/v2\/pages\/160\/revisions\/963"}],"up":[{"embeddable":true,"href":"https:\/\/uk-waldmann.de\/WP\/asyl\/wp-json\/wp\/v2\/pages\/79"}],"wp:attachment":[{"href":"https:\/\/uk-waldmann.de\/WP\/asyl\/wp-json\/wp\/v2\/media?parent=160"}],"curies":[{"name":"wp","href":"https:\/\/api.w.org\/{rel}","templated":true}]}}