{"id":170,"date":"2019-08-23T20:09:04","date_gmt":"2019-08-23T18:09:04","guid":{"rendered":"http:\/\/uk-waldmann.de\/WP\/asyl\/?page_id=170"},"modified":"2025-01-08T15:21:29","modified_gmt":"2025-01-08T14:21:29","slug":"was-meinen-andere","status":"publish","type":"page","link":"https:\/\/uk-waldmann.de\/WP\/asyl\/was-meinen-andere\/","title":{"rendered":"Viele Viele Infos zum Thema"},"content":{"rendered":"\n<p>Entschuldigung, aber auch diese Seite muss vollkommen \u00fcberarbeitet werden.<br>Wenn Sie aktuell Informationen ben\u00f6tigen empfehlen wir die Seiten der Fl\u00fcchtlingshilfen in den Bundesl\u00e4ndern.<br>f\u00fcr Bayern z.B.: <a href=\"https:\/\/fluechtlingshilfe-muenchen.de\/\">https:\/\/fluechtlingshilfe-muenchen.de\/<\/a> oder f\u00fcr Berlin: <a href=\"https:\/\/fluechtlingsrat-berlin.de\/\">https:\/\/fluechtlingsrat-berlin.de\/<\/a><\/p>\n\n\n\n<p><\/p>\n\n\n\n<p><\/p>\n\n\n\n<p><\/p>\n","protected":false},"excerpt":{"rendered":"<p>Entschuldigung, aber auch diese Seite muss vollkommen \u00fcberarbeitet werden.Wenn Sie aktuell Informationen ben\u00f6tigen empfehlen wir die Seiten der Fl\u00fcchtlingshilfen in den Bundesl\u00e4ndern.f\u00fcr Bayern z.B.: https:\/\/fluechtlingshilfe-muenchen.de\/ [&#8230;]<\/p>\n","protected":false},"author":1,"featured_media":0,"parent":0,"menu_order":0,"comment_status":"closed","ping_status":"closed","template":"","meta":{"_lmt_disableupdate":"","_lmt_disable":"","footnotes":""},"class_list":["post-170","page","type-page","status-publish","hentry"],"_links":{"self":[{"href":"https:\/\/uk-waldmann.de\/WP\/asyl\/wp-json\/wp\/v2\/pages\/170","targetHints":{"allow":["GET"]}}],"collection":[{"href":"https:\/\/uk-waldmann.de\/WP\/asyl\/wp-json\/wp\/v2\/pages"}],"about":[{"href":"https:\/\/uk-waldmann.de\/WP\/asyl\/wp-json\/wp\/v2\/types\/page"}],"author":[{"embeddable":true,"href":"https:\/\/uk-waldmann.de\/WP\/asyl\/wp-json\/wp\/v2\/users\/1"}],"replies":[{"embeddable":true,"href":"https:\/\/uk-waldmann.de\/WP\/asyl\/wp-json\/wp\/v2\/comments?post=170"}],"version-history":[{"count":10,"href":"https:\/\/uk-waldmann.de\/WP\/asyl\/wp-json\/wp\/v2\/pages\/170\/revisions"}],"predecessor-version":[{"id":969,"href":"https:\/\/uk-waldmann.de\/WP\/asyl\/wp-json\/wp\/v2\/pages\/170\/revisions\/969"}],"wp:attachment":[{"href":"https:\/\/uk-waldmann.de\/WP\/asyl\/wp-json\/wp\/v2\/media?parent=170"}],"curies":[{"name":"wp","href":"https:\/\/api.w.org\/{rel}","templated":true}]}}