{"id":81,"date":"2019-07-24T13:39:59","date_gmt":"2019-07-24T11:39:59","guid":{"rendered":"http:\/\/uk-waldmann.de\/WP\/asyl\/?page_id=81"},"modified":"2019-12-25T20:37:20","modified_gmt":"2019-12-25T19:37:20","slug":"meinungen","status":"publish","type":"page","link":"https:\/\/uk-waldmann.de\/WP\/asyl\/meinungen\/","title":{"rendered":"Meinungen"},"content":{"rendered":"\n<p>Liebe G\u00e4ste auf unserer Homepage,<br><br> hier haben Sie die M\u00f6glichkeit sich \u00fcber das Thema Fl\u00fcchtlinge, Asyl auszutauschen. <\/p>\n\n\n\n<p style=\"background-color:#16f56f;color:#a02e32\" class=\"has-text-color has-background has-text-align-center\"><strong>In k\u00fcrze wird hier ein Diskussionsforum bereitgestellt werden. Bitte haben Sie noch etwas Geduld.<\/strong><\/p>\n","protected":false},"excerpt":{"rendered":"<p>Liebe G\u00e4ste auf unserer Homepage, hier haben Sie die M\u00f6glichkeit sich \u00fcber das Thema Fl\u00fcchtlinge, Asyl auszutauschen. In k\u00fcrze wird hier ein Diskussionsforum bereitgestellt werden. [&#8230;]<\/p>\n","protected":false},"author":1,"featured_media":0,"parent":0,"menu_order":500,"comment_status":"open","ping_status":"closed","template":"","meta":{"_lmt_disableupdate":"","_lmt_disable":"","footnotes":""},"class_list":["post-81","page","type-page","status-publish","hentry"],"_links":{"self":[{"href":"https:\/\/uk-waldmann.de\/WP\/asyl\/wp-json\/wp\/v2\/pages\/81","targetHints":{"allow":["GET"]}}],"collection":[{"href":"https:\/\/uk-waldmann.de\/WP\/asyl\/wp-json\/wp\/v2\/pages"}],"about":[{"href":"https:\/\/uk-waldmann.de\/WP\/asyl\/wp-json\/wp\/v2\/types\/page"}],"author":[{"embeddable":true,"href":"https:\/\/uk-waldmann.de\/WP\/asyl\/wp-json\/wp\/v2\/users\/1"}],"replies":[{"embeddable":true,"href":"https:\/\/uk-waldmann.de\/WP\/asyl\/wp-json\/wp\/v2\/comments?post=81"}],"version-history":[{"count":3,"href":"https:\/\/uk-waldmann.de\/WP\/asyl\/wp-json\/wp\/v2\/pages\/81\/revisions"}],"predecessor-version":[{"id":284,"href":"https:\/\/uk-waldmann.de\/WP\/asyl\/wp-json\/wp\/v2\/pages\/81\/revisions\/284"}],"wp:attachment":[{"href":"https:\/\/uk-waldmann.de\/WP\/asyl\/wp-json\/wp\/v2\/media?parent=81"}],"curies":[{"name":"wp","href":"https:\/\/api.w.org\/{rel}","templated":true}]}}