{"id":9,"date":"2019-05-17T20:30:31","date_gmt":"2019-05-17T18:30:31","guid":{"rendered":"http:\/\/uk-waldmann.de\/WP\/asyl\/?page_id=9"},"modified":"2026-04-06T17:09:55","modified_gmt":"2026-04-06T15:09:55","slug":"unantastbar","status":"publish","type":"page","link":"https:\/\/uk-waldmann.de\/WP\/asyl\/","title":{"rendered":"Unantastbar"},"content":{"rendered":"\n<div class=\"sue-splash\" data-once=\"no\" data-cookie=\"sue_splash_7cc2e635bed5dc533e8bf8a5680841c5\" data-esc=\"yes\" data-close=\"yes\" data-onclick=\"close-bg\" data-url=\"\" data-opacity=\"0.8\" data-width=\"480\" data-style=\"sue-splash-style-light-boxed\" data-delay=\"0\"><div class=\"sue-splash-screen su-u-trim\">Sch\u00f6n, dass Sie hierher gefunden haben. Unsere Homepage ist aktuell in \u00dcberarbeitung. Trotzdem hoffen wir, dass Sie hier viele Informationen finden, nach welchen sie gesucht haben.<br><br>Danke und viele Gr\u00fc\u00dfe<br>UK Waldmann<\/div><\/div>\n\n\n\n<figure class=\"wp-block-image aligncenter\"><img loading=\"lazy\" decoding=\"async\" width=\"1024\" height=\"525\" src=\"https:\/\/uk-waldmann.de\/WP\/asyl\/wp-content\/uploads\/sites\/13\/2019\/08\/Menschenrechte_Gruber-1024x525.jpg\" alt=\"\" class=\"wp-image-153\" srcset=\"https:\/\/uk-waldmann.de\/WP\/asyl\/wp-content\/uploads\/sites\/13\/2019\/08\/Menschenrechte_Gruber-1024x525.jpg 1024w, https:\/\/uk-waldmann.de\/WP\/asyl\/wp-content\/uploads\/sites\/13\/2019\/08\/Menschenrechte_Gruber-300x154.jpg 300w, https:\/\/uk-waldmann.de\/WP\/asyl\/wp-content\/uploads\/sites\/13\/2019\/08\/Menschenrechte_Gruber-768x393.jpg 768w, https:\/\/uk-waldmann.de\/WP\/asyl\/wp-content\/uploads\/sites\/13\/2019\/08\/Menschenrechte_Gruber.jpg 2048w\" sizes=\"auto, (max-width: 1024px) 100vw, 1024px\" \/><\/figure>\n\n\n\n<p class=\"has-text-align-center\" style=\"font-size:10px\">Diese Seiten sind auf dem Stand von 2020.<br>Wir werden Sie alsbald mit aktuellen Informationen  auf den neusten Stand bringen<\/p>\n\n\n\n<p>Die W\u00fcrde des Menschen ist unantastbar. Sie ist zu achten und zu sch\u00fctzen. <a href=\"https:\/\/www.gesetze-im-internet.de\/gg\/art_1.html\" target=\"_blank\" rel=\"noreferrer noopener\">Art. 1 des Grundgesetzes der Bundesrepublik Deutschland<\/a><\/p>\n\n\n\n<p>Dieses unumst\u00f6\u00dfliche Grundrecht scheint seit einigen Jahren in Deutschland und Europa nach unserer Meinung nicht mehr uneingeschr\u00e4nkt zu gelten. Wirtschaftliche Interessen und der Egoismus einzelner Menschen scheinen h\u00f6here Priorit\u00e4ten zu haben als menschliches Leben.<br><\/p>\n\n\n\n<p>Nachdem 2015 sehr viele Fl\u00fcchtlinge nach Deutschland gekommen sind um hier Asyl zu beantragen haben wir uns entschlossen diesen Menschen aktiv zu helfen. In Erlangen bestand schon seit langem der Verein <a href=\"https:\/\/www.efie-erlangen.de\/WP\/\" target=\"_blank\" rel=\"noreferrer noopener\">EFIE e.V. (Ehrenamtliche Fl\u00fcchtlingsbetreuung in Erlangen e.V.)<\/a> dem wir uns anschlossen.<\/p>\n\n\n\n<p>Im Schuhljahr 2015\/2016 startete die <a href=\"https:\/\/www.wir-erlangen.de\/\" target=\"_blank\" rel=\"noreferrer noopener\">Wirtschaftsschule Erlangen (W.I.R.)<\/a> im Rahmen des Projetunterrichts das Fl\u00fcchtlingsprojet:&nbsp;<a href=\"https:\/\/www.uk-waldmann.de\/flucht\/\" target=\"_blank\" rel=\"noreferrer noopener\">Willkommen &#8211; Geduldet &#8211; Abgelehnt, Fl\u00fcchten ist kein Urlaub, wenn alles was Dir lieb ist in einen Koffer passt<\/a>. Uschi, welche dort als Englisch und Relgionslehrerin arbeitet hat das Projekt initiiert und \u00fcber zwei Jahre begleitet. Das Projekt hat innerhalb Erlangens und Bayerns mehrere Auszeichnungen erhalten. Weitere Informationen dazu &#8211;&gt; <a href=\"http:\/\/uk-waldmann.de\/flucht\/\">zum WIR Pojekt \/ Flucht ist kein Urlaub<\/a><\/p>\n\n\n\n<p><\/p>\n","protected":false},"excerpt":{"rendered":"<p>Diese Seiten sind auf dem Stand von 2020.Wir werden Sie alsbald mit aktuellen Informationen auf den neusten Stand bringen Die W\u00fcrde des Menschen ist unantastbar. [&#8230;]<\/p>\n","protected":false},"author":1,"featured_media":0,"parent":0,"menu_order":0,"comment_status":"closed","ping_status":"closed","template":"templates\/template-sidebar-right.php","meta":{"_lmt_disableupdate":"","_lmt_disable":"","footnotes":""},"class_list":["post-9","page","type-page","status-publish","hentry"],"_links":{"self":[{"href":"https:\/\/uk-waldmann.de\/WP\/asyl\/wp-json\/wp\/v2\/pages\/9","targetHints":{"allow":["GET"]}}],"collection":[{"href":"https:\/\/uk-waldmann.de\/WP\/asyl\/wp-json\/wp\/v2\/pages"}],"about":[{"href":"https:\/\/uk-waldmann.de\/WP\/asyl\/wp-json\/wp\/v2\/types\/page"}],"author":[{"embeddable":true,"href":"https:\/\/uk-waldmann.de\/WP\/asyl\/wp-json\/wp\/v2\/users\/1"}],"replies":[{"embeddable":true,"href":"https:\/\/uk-waldmann.de\/WP\/asyl\/wp-json\/wp\/v2\/comments?post=9"}],"version-history":[{"count":23,"href":"https:\/\/uk-waldmann.de\/WP\/asyl\/wp-json\/wp\/v2\/pages\/9\/revisions"}],"predecessor-version":[{"id":976,"href":"https:\/\/uk-waldmann.de\/WP\/asyl\/wp-json\/wp\/v2\/pages\/9\/revisions\/976"}],"wp:attachment":[{"href":"https:\/\/uk-waldmann.de\/WP\/asyl\/wp-json\/wp\/v2\/media?parent=9"}],"curies":[{"name":"wp","href":"https:\/\/api.w.org\/{rel}","templated":true}]}}