{"id":1481,"date":"2019-08-31T12:03:14","date_gmt":"2019-08-31T10:03:14","guid":{"rendered":"http:\/\/uk-waldmann.de\/WP\/reisen\/?page_id=1481"},"modified":"2026-04-04T12:26:08","modified_gmt":"2026-04-04T10:26:08","slug":"along-the-colorado-2014","status":"publish","type":"page","link":"https:\/\/uk-waldmann.de\/WP\/reisen\/amerika\/along-the-colorado-2014\/","title":{"rendered":"Along the Colorado (2014)"},"content":{"rendered":"<p>Diese Tour, von Denver, entlang des Colorados bis nach San Francisco, war vorerst unsere letzte Tour durch die USA. Auf unserer <a href=\"https:\/\/uk-waldmann.de\/WP\/reisen\/planungen\/\" target=\"_blank\" rel=\"noreferrer noopener\" aria-label=\"Liste der Planungen (\u00f6ffnet in neuem Tab)\">Liste der Planungen<\/a> haben wir jedoch noch zwei offene Touren, welche wir wenn m\u00f6glich noch machen m\u00f6chten. Die eine Tour w\u00e4re die Rout 66 von Chicago bis LA zu fahren, und die zweite Reise die noch offen steht ist der Besuch des Indian Summer im Nord Osten der USA. <br data-rich-text-line-break=\"true\"><br data-rich-text-line-break=\"true\">Aber nun zur\u00fcck zur Tour von 2014, deren H\u00f6hepunkt die Wanderung hinab nach Hava Suipai war.<\/p>\n<p>Routenverlauf<\/p>\n\n\n<div class=\"wp-block-image\"><figure class=\"alignright is-resized\"><img loading=\"lazy\" decoding=\"async\" src=\"https:\/\/uk-waldmann.de\/WP\/reisen\/wp-content\/uploads\/sites\/12\/2019\/08\/image-1-1024x545.png\" alt=\"\" class=\"wp-image-1517\" width=\"512\" height=\"272\" srcset=\"https:\/\/uk-waldmann.de\/WP\/reisen\/wp-content\/uploads\/sites\/12\/2019\/08\/image-1-1024x545.png 1024w, https:\/\/uk-waldmann.de\/WP\/reisen\/wp-content\/uploads\/sites\/12\/2019\/08\/image-1-300x160.png 300w, https:\/\/uk-waldmann.de\/WP\/reisen\/wp-content\/uploads\/sites\/12\/2019\/08\/image-1-768x409.png 768w, https:\/\/uk-waldmann.de\/WP\/reisen\/wp-content\/uploads\/sites\/12\/2019\/08\/image-1.png 1040w\" sizes=\"auto, (max-width: 512px) 100vw, 512px\" \/><\/figure><\/div>\n\n\n\n<ul class=\"wp-block-list\"><li>Denver<\/li><li>Rocky Mountain N.P.<\/li><li>Moab<\/li><li>Escalante<\/li><li>Bryce Canyon<\/li><li>Grand Canyon<\/li><li><a href=\"https:\/\/uk-waldmann.de\/WP\/reisen\/havasu-canyon-trail\/\">Havasupai<\/a><\/li><li>Santa Barbara<\/li><li>L.A.<\/li><\/ul>\n\n\n\n<p><br><br><\/p>\n\n\n\n<p><\/p>\n","protected":false},"excerpt":{"rendered":"<p>Diese Tour, von Denver, entlang des Colorados bis nach San Francisco, war vorerst unsere letzte Tour durch die USA. Auf unserer Liste der Planungen haben [&#8230;]<\/p>\n","protected":false},"author":1,"featured_media":0,"parent":6,"menu_order":245,"comment_status":"closed","ping_status":"closed","template":"templates\/template-fullwidth.php","meta":{"_lmt_disableupdate":"no","_lmt_disable":"","ngg_post_thumbnail":0,"footnotes":""},"class_list":["post-1481","page","type-page","status-publish","hentry"],"_links":{"self":[{"href":"https:\/\/uk-waldmann.de\/WP\/reisen\/wp-json\/wp\/v2\/pages\/1481","targetHints":{"allow":["GET"]}}],"collection":[{"href":"https:\/\/uk-waldmann.de\/WP\/reisen\/wp-json\/wp\/v2\/pages"}],"about":[{"href":"https:\/\/uk-waldmann.de\/WP\/reisen\/wp-json\/wp\/v2\/types\/page"}],"author":[{"embeddable":true,"href":"https:\/\/uk-waldmann.de\/WP\/reisen\/wp-json\/wp\/v2\/users\/1"}],"replies":[{"embeddable":true,"href":"https:\/\/uk-waldmann.de\/WP\/reisen\/wp-json\/wp\/v2\/comments?post=1481"}],"version-history":[{"count":8,"href":"https:\/\/uk-waldmann.de\/WP\/reisen\/wp-json\/wp\/v2\/pages\/1481\/revisions"}],"predecessor-version":[{"id":4032,"href":"https:\/\/uk-waldmann.de\/WP\/reisen\/wp-json\/wp\/v2\/pages\/1481\/revisions\/4032"}],"up":[{"embeddable":true,"href":"https:\/\/uk-waldmann.de\/WP\/reisen\/wp-json\/wp\/v2\/pages\/6"}],"wp:attachment":[{"href":"https:\/\/uk-waldmann.de\/WP\/reisen\/wp-json\/wp\/v2\/media?parent=1481"}],"curies":[{"name":"wp","href":"https:\/\/api.w.org\/{rel}","templated":true}]}}