{"id":1696,"date":"2025-05-12T19:04:04","date_gmt":"2025-05-12T17:04:04","guid":{"rendered":"http:\/\/uk-waldmann.de\/WP\/reisen\/?page_id=1696"},"modified":"2025-07-20T21:04:42","modified_gmt":"2025-07-20T19:04:42","slug":"suedengland","status":"publish","type":"page","link":"https:\/\/uk-waldmann.de\/WP\/reisen\/europa\/gb\/suedengland\/","title":{"rendered":"S\u00fcdengland"},"content":{"rendered":"\n<p><b>S\u00fcdengland<\/b>&nbsp;(engl.:&nbsp;Southern England) ist ein nicht genauer&nbsp;definierter&nbsp;Begriff, der im weitesten Sinne den s\u00fcdlichen Teil&nbsp;Englands&nbsp;unterhalb&nbsp;Mittelenglands (engl.: Midlands) bezeichnet.&nbsp;<\/p>\n\n\n\n<p>F\u00fcr uns hat dieser Teil der Britischen Inseln den gr\u00f6\u00dften Reiz. Dazu geh\u00f6ren die&nbsp;&#8222;Verwaltungsbezirke&#8220; der St\u00e4dte Bounemouth, Christchurch und Pool, sowie New Forest und Dorset.<br>Uschi organisierte mehrere Schulfahrten der Wirtschaftsschule in Erlangen in diese sch\u00f6ne Gegend Englands. Neben Cornwall entstanden auch hier viele Filmaufnahmen zu den B\u00fcchern von Rosamunde Pilcher.&nbsp; Jeder kennt von dort ja vermutlich die Bilder vom &#8222;Old Harry Rocks&#8220; oder das &#8222;Durdle-Door&#8220;.<br>Daneben gibt es aber noch sehr viel mehr zu sehen wor\u00fcber wir hier berichten werden.<\/p>\n\n\nngg_shortcode_0_placeholder\n\n\n\n<p>Privat hat es uns dann vor allem Cornwall angetan. Diesen letzten s\u00fcd\u00f6stlichen Zipfel England haben wir bisher drei mal bereist, und werden dem Landstrich hier auch einigen Raum bieten.<\/p>\n\n\n\n<hr class=\"wp-block-separator has-alpha-channel-opacity\"\/>\n\n\n\n<p>In Cornwall waren wir zum ersten mal 2005 und dann erst 14 Jahre sp\u00e4ter wieder. 2019 verbrachten wir zum zweiten mal unseren Sommerurlaub dort. Auf der R\u00fcckfahrt vom Westen Cornwalls nach Southampton zum Airport machten wir damals einen kurzen Zwischenstopp in Fowey, einem kleinen Dorf an der K\u00fcste. Uschi las damals ein Buch der Autorin <a href=\"https:\/\/de.wikipedia.org\/wiki\/Raynor_Winn\" target=\"_blank\" rel=\"noreferrer noopener nofollow\">Raynor Winn<\/a>, (Der Salzpfad) welche mit ihrem Mann Moth in der N\u00e4he von Fowey mal auf einer Farm arbeitete, die sie nach ihrer Wanderung entlang des South West Coast Paths erworben haben.&nbsp;<br>Diesem Ort Fowey spendierten wir dann 2025 einen ganzen kurzen Urlaub Ende April, Anfang Mai.<\/p>\n\n\n\n<p><\/p>\n\n\n<p class=\"has-text-align-center has-tertiary-background-color has-text-color has-background\" style=\"color: #dba391;\"><strong><em>Impressionen:<\/em><\/strong><br \/>Kurzer Bilder\u00fcberblick \u00fcber die S\u00fcdk\u00fcste Englands<\/p>\n\n\nngg_shortcode_1_placeholder\n\n\n\n<hr class=\"wp-block-separator has-alpha-channel-opacity\" style=\"margin-top:var(--wp--preset--spacing--40);margin-bottom:var(--wp--preset--spacing--40)\"\/>\n\n\n\n<p><\/p>\n","protected":false},"excerpt":{"rendered":"<p>S\u00fcdengland&nbsp;(engl.:&nbsp;Southern England) ist ein nicht genauer&nbsp;definierter&nbsp;Begriff, der im weitesten Sinne den s\u00fcdlichen Teil&nbsp;Englands&nbsp;unterhalb&nbsp;Mittelenglands (engl.: Midlands) bezeichnet.&nbsp; F\u00fcr uns hat dieser Teil der Britischen Inseln den [&#8230;]<\/p>\n","protected":false},"author":1,"featured_media":2371,"parent":1672,"menu_order":112,"comment_status":"closed","ping_status":"closed","template":"templates\/template-sidebar-right.php","meta":{"_lmt_disableupdate":"","_lmt_disable":"","ngg_post_thumbnail":0,"footnotes":""},"class_list":["post-1696","page","type-page","status-publish","has-post-thumbnail","hentry"],"_links":{"self":[{"href":"https:\/\/uk-waldmann.de\/WP\/reisen\/wp-json\/wp\/v2\/pages\/1696","targetHints":{"allow":["GET"]}}],"collection":[{"href":"https:\/\/uk-waldmann.de\/WP\/reisen\/wp-json\/wp\/v2\/pages"}],"about":[{"href":"https:\/\/uk-waldmann.de\/WP\/reisen\/wp-json\/wp\/v2\/types\/page"}],"author":[{"embeddable":true,"href":"https:\/\/uk-waldmann.de\/WP\/reisen\/wp-json\/wp\/v2\/users\/1"}],"replies":[{"embeddable":true,"href":"https:\/\/uk-waldmann.de\/WP\/reisen\/wp-json\/wp\/v2\/comments?post=1696"}],"version-history":[{"count":35,"href":"https:\/\/uk-waldmann.de\/WP\/reisen\/wp-json\/wp\/v2\/pages\/1696\/revisions"}],"predecessor-version":[{"id":6450,"href":"https:\/\/uk-waldmann.de\/WP\/reisen\/wp-json\/wp\/v2\/pages\/1696\/revisions\/6450"}],"up":[{"embeddable":true,"href":"https:\/\/uk-waldmann.de\/WP\/reisen\/wp-json\/wp\/v2\/pages\/1672"}],"wp:featuredmedia":[{"embeddable":true,"href":"https:\/\/uk-waldmann.de\/WP\/reisen\/wp-json\/wp\/v2\/media\/2371"}],"wp:attachment":[{"href":"https:\/\/uk-waldmann.de\/WP\/reisen\/wp-json\/wp\/v2\/media?parent=1696"}],"curies":[{"name":"wp","href":"https:\/\/api.w.org\/{rel}","templated":true}]}}