{"id":2415,"date":"2020-06-07T20:33:12","date_gmt":"2020-06-07T18:33:12","guid":{"rendered":"http:\/\/uk-waldmann.de\/WP\/reisen\/?page_id=2415"},"modified":"2026-04-04T12:22:51","modified_gmt":"2026-04-04T10:22:51","slug":"bildrechte","status":"publish","type":"page","link":"https:\/\/uk-waldmann.de\/WP\/reisen\/bildrechte\/","title":{"rendered":"Quellnachweis: UKW&#8217;s Reisen Bilder, Texte von Drittanbieter"},"content":{"rendered":"\n<p>F\u00fcr die auf dieser Website verwendeten Bilder und Artikel\/Berichte gelten Lizenz und Copyrightrechte.<br>Alle nachfolgend nicht aufgef\u00fchrten Lizenzrechten geh\u00f6ren Klaus Waldmann, Erlangen, bzw. wurden diesem zur Verf\u00fcgung gestellt und fallen, wenn nicht anders gekennzeichnet unter die\u00a0<a href=\"https:\/\/en.wikipedia.org\/wiki\/Creative_Commons_license#Seven_regularly_used_licenses\" target=\"_blank\" rel=\"noreferrer noopener\"><strong>CC\u00a0BY-NC-SA<\/strong><\/a>\u00a0Bestimmungen .<br>Weitere Hinweise siehe auch: Kapitel Urheberrecht im Impressum der Web-Site: UKW&#8217;s Homepage: <a href=\"https:\/\/uk-waldmann.de\/WP\/homepage\/impressum\/\">Impressum &#8211; UKW&#8217;s Homepage (uk-waldmann.de)<\/a><\/p>\n\n\n\n\n<table id=\"tablepress-1\" class=\"tablepress tablepress-id-1\">\n<thead>\n<tr class=\"row-1\">\n\t<th class=\"column-1\">Bild ID<\/th><th class=\"column-2\">Lizenzinhaber<\/th><th class=\"column-3\">Art der Lizenz<\/th><th class=\"column-4\">Bemerkung<\/th>\n<\/tr>\n<\/thead>\n<tbody class=\"row-striping row-hover\">\n<tr class=\"row-2\">\n\t<td class=\"column-1\">796<\/td><td class=\"column-2\"><a href=\"https:\/\/www.flickr.com\/photos\/52645838@N00\" rel=\"noopener noreferrer\" target=\"_blank\">simplethrill<\/a><\/td><td class=\"column-3\"><a href=\"https:\/\/en.wikipedia.org\/wiki\/Creative_Commons_license#Six_regularly_used_licenses\"><br \/>\n<img loading=\"lazy\" decoding=\"async\" src=\"https:\/\/uk-waldmann.de\/WP\/reisen\/wp-content\/uploads\/sites\/12\/nggallery\/divers\/Cc_by-nc-nd_icon.svg_.png?i=2062295421\" width=\"120\" height=\"42\" class=\"alignnone size-full\" \/><\/a><\/td><td class=\"column-4\">CC-BY-NC-ND<\/td>\n<\/tr>\n<tr class=\"row-3\">\n\t<td class=\"column-1\">1084 <\/td><td class=\"column-2\"><a href=\"https:\/\/www.flickr.com\/photos\/33124677@N00\" rel=\"noopener noreferrer\" target=\"_blank\">Curtis Gregory Perry<\/a><\/td><td class=\"column-3\"><a href=\"https:\/\/en.wikipedia.org\/wiki\/Creative_Commons_license#Six_regularly_used_licenses\"><br \/>\n<img loading=\"lazy\" decoding=\"async\" src=\"https:\/\/upload.wikimedia.org\/wikipedia\/commons\/1\/12\/Cc-by-nc-sa_icon.svg\" width=\"120\" height=\"42\" class=\"alignnone size-full\" \/><\/a><\/td><td class=\"column-4\">CC-BY-NC-SA<\/td>\n<\/tr>\n<tr class=\"row-4\">\n\t<td class=\"column-1\">1085<\/td><td class=\"column-2\"><a href=\"https:\/\/www.flickr.com\/photos\/77759596@N00\" rel=\"noopener noreferrer\" target=\"_blank\">Frank Kehren<\/a><\/td><td class=\"column-3\"><a href=\"https:\/\/en.wikipedia.org\/wiki\/Creative_Commons_license#Six_regularly_used_licenses\"><br \/>\n<img loading=\"lazy\" decoding=\"async\" src=\"https:\/\/upload.wikimedia.org\/wikipedia\/commons\/1\/12\/Cc-by-nc-sa_icon.svg\" width=\"120\" height=\"42\" class=\"alignnone size-full\" \/><\/a><\/td><td class=\"column-4\">CC-BY-NC-SA<\/td>\n<\/tr>\n<tr class=\"row-5\">\n\t<td class=\"column-1\">PubicDomain<\/td><td class=\"column-2\"><a href=\"https:\/\/de.wikipedia.org\/wiki\/Gemeinfreiheit#:~:text=Der%20Rechtsbegriff%20Public%20Domain%20steht,und%20%E2%80%9EGemeinfreiheit%E2%80%9C%20%C3%BCbertragen%20werden.\" target=\"_blank\" rel=\"noopener\">Public Domain <br> Gemeinfrei <\/a><\/td><td class=\"column-3\"><a href=\"https:\/\/en.wikipedia.org\/wiki\/Creative_Commons_license#Seven_regularly_used_licenses\"><br \/>\n<img loading=\"lazy\" decoding=\"async\" src=\"http:\/\/uk-waldmann.de\/WP\/reisen\/wp-content\/uploads\/sites\/12\/nggallery\/divers\/Logo_PublicDomain_0.jpg\" width=\"120\" height=\"42\" class=\"alignnone size-full\" \/><\/a><\/td><td class=\"column-4\">Public Domain 0<\/td>\n<\/tr>\n<tr class=\"row-6\">\n\t<td class=\"column-1\">PubicDomain<\/td><td class=\"column-2\"><a href=\"https:\/\/de.wikipedia.org\/wiki\/Gemeinfreiheit#:~:text=Der%20Rechtsbegriff%20Public%20Domain%20steht,und%20%E2%80%9EGemeinfreiheit%E2%80%9C%20%C3%BCbertragen%20werden.\" target=\"_blank\" rel=\"noopener\">Public Domain <br> Gemeinfrei <\/a><\/td><td class=\"column-3\"><a href=\"https:\/\/en.wikipedia.org\/wiki\/Creative_Commons_license#Seven_regularly_used_licenses\"><br \/>\n<img loading=\"lazy\" decoding=\"async\" src=\"http:\/\/uk-waldmann.de\/WP\/reisen\/wp-content\/uploads\/sites\/12\/nggallery\/divers\/Logo_PublicDomain_C-PD.jpg\" width=\"120\" height=\"42\" class=\"alignnone size-full\" \/><\/a><\/td><td class=\"column-4\">Public Domain C<\/td>\n<\/tr>\n<tr class=\"row-7\">\n\t<td class=\"column-1\">1330<\/td><td class=\"column-2\"><a href=\"https:\/\/www.flickr.com\/people\/42033648@N00\" target=\"_blank\" rel=\"noopener\">Phillip Capper<\/a><br \/>\n<br \/>\n<\/td><td class=\"column-3\"><a href=\"https:\/\/en.wikipedia.org\/wiki\/Creative_Commons_license#Six_regularly_used_licenses\"><br \/>\n<img loading=\"lazy\" decoding=\"async\" src=\"https:\/\/uk-waldmann.de\/WP\/reisen\/wp-content\/uploads\/sites\/12\/nggallery\/divers\/CC-BY-logo_285x142.png?i=410017555\" width=\"120\" height=\"42\" class=\"alignnone size-full\" \/><\/a><\/td><td class=\"column-4\">CC BY 2.0<\/td>\n<\/tr>\n<\/tbody>\n<\/table>\n<!-- #tablepress-1 from cache -->\n","protected":false},"excerpt":{"rendered":"<p>F\u00fcr die auf dieser Website verwendeten Bilder und Artikel\/Berichte gelten Lizenz und Copyrightrechte.Alle nachfolgend nicht aufgef\u00fchrten Lizenzrechten geh\u00f6ren Klaus Waldmann, Erlangen, bzw. wurden diesem zur [&#8230;]<\/p>\n","protected":false},"author":1,"featured_media":0,"parent":0,"menu_order":0,"comment_status":"closed","ping_status":"closed","template":"templates\/template-fullwidth.php","meta":{"_lmt_disableupdate":"no","_lmt_disable":"","ngg_post_thumbnail":0,"footnotes":""},"class_list":["post-2415","page","type-page","status-publish","hentry"],"_links":{"self":[{"href":"https:\/\/uk-waldmann.de\/WP\/reisen\/wp-json\/wp\/v2\/pages\/2415","targetHints":{"allow":["GET"]}}],"collection":[{"href":"https:\/\/uk-waldmann.de\/WP\/reisen\/wp-json\/wp\/v2\/pages"}],"about":[{"href":"https:\/\/uk-waldmann.de\/WP\/reisen\/wp-json\/wp\/v2\/types\/page"}],"author":[{"embeddable":true,"href":"https:\/\/uk-waldmann.de\/WP\/reisen\/wp-json\/wp\/v2\/users\/1"}],"replies":[{"embeddable":true,"href":"https:\/\/uk-waldmann.de\/WP\/reisen\/wp-json\/wp\/v2\/comments?post=2415"}],"version-history":[{"count":38,"href":"https:\/\/uk-waldmann.de\/WP\/reisen\/wp-json\/wp\/v2\/pages\/2415\/revisions"}],"predecessor-version":[{"id":6862,"href":"https:\/\/uk-waldmann.de\/WP\/reisen\/wp-json\/wp\/v2\/pages\/2415\/revisions\/6862"}],"wp:attachment":[{"href":"https:\/\/uk-waldmann.de\/WP\/reisen\/wp-json\/wp\/v2\/media?parent=2415"}],"curies":[{"name":"wp","href":"https:\/\/api.w.org\/{rel}","templated":true}]}}