{"id":590,"date":"2019-07-27T14:02:32","date_gmt":"2019-07-27T12:02:32","guid":{"rendered":"http:\/\/uk-waldmann.de\/WP\/reisen\/?page_id=590"},"modified":"2026-04-04T12:24:40","modified_gmt":"2026-04-04T10:24:40","slug":"usa-west-1996","status":"publish","type":"page","link":"https:\/\/uk-waldmann.de\/WP\/reisen\/amerika\/usa-west-1996\/","title":{"rendered":"USA West 1996 (Colorado Plateau)"},"content":{"rendered":"\n<p class=\"has-text-color has-background\" style=\"color:#74250c;background-color:#e6bdb0\">Diese Seite befindet sich im Aufbau. Bilder und Texte werden z\u00fcgig erg\u00e4nzt<\/p>\n\n\n\n<p>Unsere zweite USA Tour f\u00fchrte uns 1996 kreuz und quer durch das Colorado Plateau.<br>Dieses Plateau besteht aus mehreren Hochebenen und erstreckt sich \u00fcber den S\u00fcdosten&nbsp;Utahs, das n\u00f6rdliche&nbsp;Arizona&nbsp;und \u00fcber Teile von&nbsp;New Mexico&nbsp;und&nbsp;Colorado. Das gesamte Hochland ist mit einer Fl\u00e4che von&nbsp;ungef\u00e4hr 337.000 km\u00b2 fast so gro\u00df wie Deutschland. <br>Die Reisedauer war dieses mal genau 4 Wochen. Am Donnerstag, 08. August 1996 flogen wir nach Los Angeles und 4 Wochen sp\u00e4ter, am Donnerstag, 05. September ging es wieder zur\u00fcck nach N\u00fcrnberg, wo wir am Freitag Mittag ankamen.<\/p>\n\n\n\n<p>Nach meinen Aufzeichnungen war das unsere gr\u00f6\u00dfte Tour durch Amerika. Mit dem gemieteten Mustang Cabrio legten wir in dieser Zeit \u00fcber 10.000 km bzw 6.200 miles zur\u00fcck.<\/p>\n\n\n\n<p>Der Reiseverlauf war dieses mal wie folgt:<\/p>\n\n\n\n<ul class=\"wp-block-list\">\n<li>Los Angeles<\/li>\n\n\n\n<li>Great Basin N.P.<\/li>\n\n\n\n<li>Zion N.P.<\/li>\n\n\n\n<li>Grand Canyon North Rim N.P.<\/li>\n\n\n\n<li>Bryce Canyon N.P.<\/li>\n\n\n\n<li>Arch N.P.<\/li>\n\n\n\n<li>Canyonland N.P.<\/li>\n\n\n\n<li>Mesa Verde N.P.<\/li>\n\n\n\n<li>Monument Vally N.P.<\/li>\n\n\n\n<li>Canyon de Chelly N.P.<\/li>\n\n\n\n<li>Tucson<\/li>\n\n\n\n<li>Grand Canyon South Rim N.P.<\/li>\n\n\n\n<li>Las Vegas<\/li>\n\n\n\n<li>Death Vally N.P.<\/li>\n\n\n\n<li>San Francisco<\/li>\n\n\n\n<li>Santa Barbera<\/li>\n\n\n\n<li>Los Angeles<\/li>\n<\/ul>\n\n\n\n<p><\/p>\n\n\n\n<p><\/p>\n","protected":false},"excerpt":{"rendered":"<p>Unsere zweite USA Tour f\u00fchrte uns 1996 kreuz und quer durch das Colorado Plateau.Dieses Plateau besteht aus mehreren Hochebenen und erstreckt sich \u00fcber den S\u00fcdosten&nbsp;Utahs, [&#8230;]<\/p>\n","protected":false},"author":1,"featured_media":0,"parent":6,"menu_order":210,"comment_status":"closed","ping_status":"closed","template":"templates\/template-fullwidth.php","meta":{"_lmt_disableupdate":"no","_lmt_disable":"","ngg_post_thumbnail":0,"footnotes":""},"class_list":["post-590","page","type-page","status-publish","hentry"],"_links":{"self":[{"href":"https:\/\/uk-waldmann.de\/WP\/reisen\/wp-json\/wp\/v2\/pages\/590","targetHints":{"allow":["GET"]}}],"collection":[{"href":"https:\/\/uk-waldmann.de\/WP\/reisen\/wp-json\/wp\/v2\/pages"}],"about":[{"href":"https:\/\/uk-waldmann.de\/WP\/reisen\/wp-json\/wp\/v2\/types\/page"}],"author":[{"embeddable":true,"href":"https:\/\/uk-waldmann.de\/WP\/reisen\/wp-json\/wp\/v2\/users\/1"}],"replies":[{"embeddable":true,"href":"https:\/\/uk-waldmann.de\/WP\/reisen\/wp-json\/wp\/v2\/comments?post=590"}],"version-history":[{"count":8,"href":"https:\/\/uk-waldmann.de\/WP\/reisen\/wp-json\/wp\/v2\/pages\/590\/revisions"}],"predecessor-version":[{"id":6183,"href":"https:\/\/uk-waldmann.de\/WP\/reisen\/wp-json\/wp\/v2\/pages\/590\/revisions\/6183"}],"up":[{"embeddable":true,"href":"https:\/\/uk-waldmann.de\/WP\/reisen\/wp-json\/wp\/v2\/pages\/6"}],"wp:attachment":[{"href":"https:\/\/uk-waldmann.de\/WP\/reisen\/wp-json\/wp\/v2\/media?parent=590"}],"curies":[{"name":"wp","href":"https:\/\/api.w.org\/{rel}","templated":true}]}}