{"id":6,"date":"2019-05-17T19:52:35","date_gmt":"2019-05-17T17:52:35","guid":{"rendered":"http:\/\/uk-waldmann.de\/WP\/reisen\/?page_id=6"},"modified":"2026-04-04T12:25:44","modified_gmt":"2026-04-04T10:25:44","slug":"amerika","status":"publish","type":"page","link":"https:\/\/uk-waldmann.de\/WP\/reisen\/amerika\/","title":{"rendered":"Amerika"},"content":{"rendered":"\n<p>Unsere erste USA Reise machten wir 1993. Das Reisen in diesem riesigen Land hat uns so gut gefallen, dass wir seit diesem Zeitpunkt schon unz\u00e4hlige male dort waren. <\/p>\n\n\n\n<p>Nachfolgend habe ich versucht f\u00fcr jede Einzelreise einen kurzen Tour\u00fcberblick zu geben. Einzelheiten, wie Parks, tolle Wanderungen oder St\u00e4dte wurden als Excursion realisiert, so dass diese von allen Touren bei Bedarf aufgerufen werden k\u00f6nnen.<\/p>\n\n\n\n<p>Wie in der Einleitung der Reiseberichte schon mal beschrieben gabe ich bis zum Jahrtausendwechsel mit einer Analogkamera fotografiert. 2003 kaufte ich dann meiner erste Digitalkamera. <a href=\"\/WP\/wir\/fotoausstattung\/\">&lt; &#8211;&gt; mehr Info&gt;<\/a><br><br>Meist besuchten wir dabei den Westen der USA. Auf unserer <a rel=\"noreferrer noopener\" aria-label=\"Planungsliste (\u00f6ffnet in neuem Tab)\" href=\"\/WP\/reisen\/planungen\/\" target=\"_blank\">Planungsliste<\/a> steht noch der Farbige Herbst von Nordost USA. Die Tour ist gr\u00f6\u00dftenteils schon geplant, aber noch nicht terminiert.<\/p>\n\n\n\n<p class=\"has-text-align-center has-primary-color has-text-color has-background has-medium-font-size\" style=\"background-color:#f5e5e0\"><strong>Unsere neusten Beitr\u00e4ge in der Rubrik Amerika:<\/strong><\/p>\n\n\n<div class=\"wp-block-themezee-magazine-blocks-list tz-magazine-block \"><div class=\"tz-magazine-list tz-magazine-list-30-70\"><div class=\"tz-post-wrap\"><article id=\"post-3871\" class=\"tz-magazine-post post-3871 post tz-type-post status-publish format-standard has-post-thumbnail hentry category-amerika category-top-twenty category-usa-hike category-usa-np\"><div class=\"tz-post-image\"><figure class=\"tz-entry-image entry-image\"><a href=\"https:\/\/uk-waldmann.de\/WP\/reisen\/havasu-canyon-trail\/\" rel=\"bookmark\"><img loading=\"lazy\" decoding=\"async\" width=\"420\" height=\"280\" src=\"https:\/\/uk-waldmann.de\/WP\/reisen\/wp-content\/uploads\/sites\/12\/2021\/04\/nggallery_import\/2014-08_HavasuCanyonTrail_003-420x280.jpg\" class=\"attachment-zeedynamic-thumbnail-large size-zeedynamic-thumbnail-large wp-post-image\" alt=\"\" \/><\/a><\/figure><\/div><div class=\"tz-post-content\"><header class=\"tz-entry-header entry-header\"><h2 class=\"tz-entry-title entry-title\"><a href=\"https:\/\/uk-waldmann.de\/WP\/reisen\/havasu-canyon-trail\/\" rel=\"bookmark\">Havasupai Canyon Trail<\/a><\/h2><\/header><div class=\"tz-entry-content entry-content\"><p>Um zu den M\u00e4nnern des blaugr\u00fcnen Wassers zu kommen brauchten wir zwei Anl\u00e4ufe. Zum ersten mal versuchten wir es 2008, bei unserer Tour von den Rocky Mountians zum Meer. Leider hat ein Regen damals ein paar Tage zuvor den Weg <span class=\"tz-excerpt-more\">[&hellip;]<\/span><\/p><p class=\"tz-read-more read-more\"><a href=\"https:\/\/uk-waldmann.de\/WP\/reisen\/havasu-canyon-trail\/\" class=\"tz-more-link more-link\" rel=\"bookmark\">Beitrag lesen ,,,<\/a><\/p><\/div><\/div><\/article><\/div><div class=\"tz-post-wrap\"><article id=\"post-1524\" class=\"tz-magazine-post post-1524 post tz-type-post status-publish format-standard has-post-thumbnail hentry category-amerika category-top-twenty category-usa-hike\"><div class=\"tz-post-image\"><figure class=\"tz-entry-image entry-image\"><a href=\"https:\/\/uk-waldmann.de\/WP\/reisen\/lower-calf-creek-canyon\/\" rel=\"bookmark\"><img loading=\"lazy\" decoding=\"async\" width=\"420\" height=\"280\" src=\"https:\/\/uk-waldmann.de\/WP\/reisen\/wp-content\/uploads\/sites\/12\/2019\/08\/Hike-Lower-Calf-Creek-Canyon-021-420x280.jpg\" class=\"attachment-zeedynamic-thumbnail-large size-zeedynamic-thumbnail-large wp-post-image\" alt=\"\" \/><\/a><\/figure><\/div><div class=\"tz-post-content\"><header class=\"tz-entry-header entry-header\"><h2 class=\"tz-entry-title entry-title\"><a href=\"https:\/\/uk-waldmann.de\/WP\/reisen\/lower-calf-creek-canyon\/\" rel=\"bookmark\">Lower Calf Creek Canyon<\/a><\/h2><\/header><div class=\"tz-entry-content entry-content\"><p>Dieser Hike z\u00e4hlt zu unseren Top twenty. Wer sich in in der Gegend von Escalante (zwischen Capitol Reef und Bryce Canyon) aufh\u00e4lt sollte diesen kurzen einfachen Hike auf jeden Fall mitnehmen.In diesem Zusammenhang m\u00f6chten wir auch unsere gew\u00e4hlte Unterkunft, das <span class=\"tz-excerpt-more\">[&hellip;]<\/span><\/p><p class=\"tz-read-more read-more\"><a href=\"https:\/\/uk-waldmann.de\/WP\/reisen\/lower-calf-creek-canyon\/\" class=\"tz-more-link more-link\" rel=\"bookmark\">Beitrag lesen ,,,<\/a><\/p><\/div><\/div><\/article><\/div><div class=\"tz-post-wrap\"><article id=\"post-1866\" class=\"tz-magazine-post post-1866 post tz-type-post status-publish format-standard has-post-thumbnail hentry category-amerika category-usa-np\"><div class=\"tz-post-image\"><figure class=\"tz-entry-image entry-image\"><a href=\"https:\/\/uk-waldmann.de\/WP\/reisen\/petrified-forest-n-p\/\" rel=\"bookmark\"><img loading=\"lazy\" decoding=\"async\" width=\"240\" height=\"160\" src=\"https:\/\/uk-waldmann.de\/WP\/reisen\/wp-content\/uploads\/sites\/12\/2020\/05\/thumbs_1999-USA-3331.jpg\" class=\"attachment-zeedynamic-thumbnail-large size-zeedynamic-thumbnail-large wp-post-image\" alt=\"\" \/><\/a><\/figure><\/div><div class=\"tz-post-content\"><header class=\"tz-entry-header entry-header\"><h2 class=\"tz-entry-title entry-title\"><a href=\"https:\/\/uk-waldmann.de\/WP\/reisen\/petrified-forest-n-p\/\" rel=\"bookmark\">Petrified Forest N.P.<\/a><\/h2><\/header><div class=\"tz-entry-content entry-content\"><p>Diesen Nationalpark besuchten wir bei unserer USA Reise 1999. Der Park liegt zwischen Gallup und Hoolbruck auf der halben Strecke von Albuquerque nach Flagstaff im Nordosten von Arizona und wird von der Intersaat 40 in einen Nord- und S\u00fcdteil getrennt. <span class=\"tz-excerpt-more\">[&hellip;]<\/span><\/p><p class=\"tz-read-more read-more\"><a href=\"https:\/\/uk-waldmann.de\/WP\/reisen\/petrified-forest-n-p\/\" class=\"tz-more-link more-link\" rel=\"bookmark\">Beitrag lesen ,,,<\/a><\/p><\/div><\/div><\/article><\/div><div class=\"tz-post-wrap\"><article id=\"post-1864\" class=\"tz-magazine-post post-1864 post tz-type-post status-publish format-standard has-post-thumbnail hentry category-amerika category-usa-np\"><div class=\"tz-post-image\"><figure class=\"tz-entry-image entry-image\"><a href=\"https:\/\/uk-waldmann.de\/WP\/reisen\/bryce-canyon-n-p\/\" rel=\"bookmark\"><img loading=\"lazy\" decoding=\"async\" width=\"420\" height=\"280\" src=\"https:\/\/uk-waldmann.de\/WP\/reisen\/wp-content\/uploads\/sites\/12\/2019\/08\/1993-USA-022-420x280.jpg\" class=\"attachment-zeedynamic-thumbnail-large size-zeedynamic-thumbnail-large wp-post-image\" alt=\"\" \/><\/a><\/figure><\/div><div class=\"tz-post-content\"><header class=\"tz-entry-header entry-header\"><h2 class=\"tz-entry-title entry-title\"><a href=\"https:\/\/uk-waldmann.de\/WP\/reisen\/bryce-canyon-n-p\/\" rel=\"bookmark\">Bryce Canyon N.P.<\/a><\/h2><\/header><div class=\"tz-entry-content entry-content\"><p> <span class=\"tz-excerpt-more\">[&hellip;]<\/span><\/p><p class=\"tz-read-more read-more\"><a href=\"https:\/\/uk-waldmann.de\/WP\/reisen\/bryce-canyon-n-p\/\" class=\"tz-more-link more-link\" rel=\"bookmark\">Beitrag lesen ,,,<\/a><\/p><\/div><\/div><\/article><\/div><div class=\"tz-post-wrap\"><article id=\"post-1862\" class=\"tz-magazine-post post-1862 post tz-type-post status-publish format-standard has-post-thumbnail hentry category-amerika category-usa-np\"><div class=\"tz-post-image\"><figure class=\"tz-entry-image entry-image\"><a href=\"https:\/\/uk-waldmann.de\/WP\/reisen\/death-valley-n-p\/\" rel=\"bookmark\"><img loading=\"lazy\" decoding=\"async\" width=\"420\" height=\"280\" src=\"https:\/\/uk-waldmann.de\/WP\/reisen\/wp-content\/uploads\/sites\/12\/2020\/05\/Furnace-creek-range_01-420x280.jpg\" class=\"attachment-zeedynamic-thumbnail-large size-zeedynamic-thumbnail-large wp-post-image\" alt=\"\" \/><\/a><\/figure><\/div><div class=\"tz-post-content\"><header class=\"tz-entry-header entry-header\"><h2 class=\"tz-entry-title entry-title\"><a href=\"https:\/\/uk-waldmann.de\/WP\/reisen\/death-valley-n-p\/\" rel=\"bookmark\">Death ValleY N.P.<\/a><\/h2><\/header><div class=\"tz-entry-content entry-content\"><p>Das Tal des Todes!Drei mal durchquerten wir diese w\u00fcste Ebene bei unseren Reisen durch den Westen der USA. 1996 auf unserer Colorado Tour, 1999, unserer dritten Reise, quer durch viele, auch kleinere Nationalparks des Westens 2001, einer Reise von L.A. <span class=\"tz-excerpt-more\">[&hellip;]<\/span><\/p><p class=\"tz-read-more read-more\"><a href=\"https:\/\/uk-waldmann.de\/WP\/reisen\/death-valley-n-p\/\" class=\"tz-more-link more-link\" rel=\"bookmark\">Beitrag lesen ,,,<\/a><\/p><\/div><\/div><\/article><\/div><div class=\"tz-post-wrap\"><article id=\"post-1612\" class=\"tz-magazine-post post-1612 post tz-type-post status-publish format-standard has-post-thumbnail hentry category-amerika category-usa-np\"><div class=\"tz-post-image\"><figure class=\"tz-entry-image entry-image\"><a href=\"https:\/\/uk-waldmann.de\/WP\/reisen\/great-sand-duens-n-p\/\" rel=\"bookmark\"><img loading=\"lazy\" decoding=\"async\" width=\"420\" height=\"280\" src=\"https:\/\/uk-waldmann.de\/WP\/reisen\/wp-content\/uploads\/sites\/12\/2019\/09\/201408_GreatSandDunes_121-420x280.jpg\" class=\"attachment-zeedynamic-thumbnail-large size-zeedynamic-thumbnail-large wp-post-image\" alt=\"\" \/><\/a><\/figure><\/div><div class=\"tz-post-content\"><header class=\"tz-entry-header entry-header\"><h2 class=\"tz-entry-title entry-title\"><a href=\"https:\/\/uk-waldmann.de\/WP\/reisen\/great-sand-duens-n-p\/\" rel=\"bookmark\">Great Sand Duens N.P.<\/a><\/h2><\/header><div class=\"tz-entry-content entry-content\"><p>Diese tolle Sandlandschaft besuchten wir bei unserer Reise 2014, welche von Denver, meist entlang des Colorado Rivers bis nach Los Angelos ging. Die Sand-Dunen Landschaft liegen ca. 250 Kilometer s\u00fcdlich von Denver. Wir machten eine kleine, aber anstrengende Wanderung durch <span class=\"tz-excerpt-more\">[&hellip;]<\/span><\/p><p class=\"tz-read-more read-more\"><a href=\"https:\/\/uk-waldmann.de\/WP\/reisen\/great-sand-duens-n-p\/\" class=\"tz-more-link more-link\" rel=\"bookmark\">Beitrag lesen ,,,<\/a><\/p><\/div><\/div><\/article><\/div><div class=\"tz-post-wrap\"><article id=\"post-948\" class=\"tz-magazine-post post-948 post tz-type-post status-publish format-standard has-post-thumbnail hentry category-amerika category-usa-np\"><div class=\"tz-post-image\"><figure class=\"tz-entry-image entry-image\"><a href=\"https:\/\/uk-waldmann.de\/WP\/reisen\/np_joshua\/\" rel=\"bookmark\"><img loading=\"lazy\" decoding=\"async\" width=\"420\" height=\"280\" src=\"https:\/\/uk-waldmann.de\/WP\/reisen\/wp-content\/uploads\/sites\/12\/2019\/08\/1993-USA-022-420x280.jpg\" class=\"attachment-zeedynamic-thumbnail-large size-zeedynamic-thumbnail-large wp-post-image\" alt=\"\" \/><\/a><\/figure><\/div><div class=\"tz-post-content\"><header class=\"tz-entry-header entry-header\"><h2 class=\"tz-entry-title entry-title\"><a href=\"https:\/\/uk-waldmann.de\/WP\/reisen\/np_joshua\/\" rel=\"bookmark\">Joshua Tree N.P.<\/a><\/h2><\/header><div class=\"tz-entry-content entry-content\"><p>Diesen Nationalpark besuchten wir nur bei unserer ersten USA Reise. Yoshua Tree war damals noch kein Nationalpark sondern lediglich ein National Monument (N.M.).1994 bekam dieses Naturschutzgebiet den Status eines Nationalparks. W\u00e4hrend des&nbsp;Shutdown&nbsp;der&nbsp;US-Regierung&nbsp;von Dezember 2018 bis Januar 2019 nahm der Park <span class=\"tz-excerpt-more\">[&hellip;]<\/span><\/p><p class=\"tz-read-more read-more\"><a href=\"https:\/\/uk-waldmann.de\/WP\/reisen\/np_joshua\/\" class=\"tz-more-link more-link\" rel=\"bookmark\">Beitrag lesen ,,,<\/a><\/p><\/div><\/div><\/article><\/div><\/div><\/div>\n\n\n<p><\/p>\n","protected":false},"excerpt":{"rendered":"<p>Unsere erste USA Reise machten wir 1993. Das Reisen in diesem riesigen Land hat uns so gut gefallen, dass wir seit diesem Zeitpunkt schon unz\u00e4hlige [&#8230;]<\/p>\n","protected":false},"author":1,"featured_media":0,"parent":0,"menu_order":200,"comment_status":"closed","ping_status":"closed","template":"templates\/template-fullwidth.php","meta":{"_lmt_disableupdate":"no","_lmt_disable":"","ngg_post_thumbnail":0,"footnotes":""},"class_list":["post-6","page","type-page","status-publish","hentry"],"_links":{"self":[{"href":"https:\/\/uk-waldmann.de\/WP\/reisen\/wp-json\/wp\/v2\/pages\/6","targetHints":{"allow":["GET"]}}],"collection":[{"href":"https:\/\/uk-waldmann.de\/WP\/reisen\/wp-json\/wp\/v2\/pages"}],"about":[{"href":"https:\/\/uk-waldmann.de\/WP\/reisen\/wp-json\/wp\/v2\/types\/page"}],"author":[{"embeddable":true,"href":"https:\/\/uk-waldmann.de\/WP\/reisen\/wp-json\/wp\/v2\/users\/1"}],"replies":[{"embeddable":true,"href":"https:\/\/uk-waldmann.de\/WP\/reisen\/wp-json\/wp\/v2\/comments?post=6"}],"version-history":[{"count":21,"href":"https:\/\/uk-waldmann.de\/WP\/reisen\/wp-json\/wp\/v2\/pages\/6\/revisions"}],"predecessor-version":[{"id":4827,"href":"https:\/\/uk-waldmann.de\/WP\/reisen\/wp-json\/wp\/v2\/pages\/6\/revisions\/4827"}],"wp:attachment":[{"href":"https:\/\/uk-waldmann.de\/WP\/reisen\/wp-json\/wp\/v2\/media?parent=6"}],"curies":[{"name":"wp","href":"https:\/\/api.w.org\/{rel}","templated":true}]}}