{"id":75,"date":"2019-05-20T21:36:27","date_gmt":"2019-05-20T19:36:27","guid":{"rendered":"http:\/\/uk-waldmann.de\/WP\/reisen\/?page_id=75"},"modified":"2026-04-04T12:26:18","modified_gmt":"2026-04-04T10:26:18","slug":"top-tour","status":"publish","type":"page","link":"https:\/\/uk-waldmann.de\/WP\/reisen\/top-tour\/","title":{"rendered":"Top Touren"},"content":{"rendered":"\n<p>Immer wieder werden wir gefragt, wo es uns am besten gefallen h\u00e4tte.<br>Sicher, wir haben unsere Lieblingsorte und Regionen. Auch die eine oder andere Wanderung, bzw. der eine oder andere Hike in den USA z\u00e4hlt dazu.<\/p>\n\n\n\n<p>Nachfolgend haben wir nun eine Liste mit Links zusammengestellt, welche auf die Berichte verweisen, die unter unsere Top Ten bzw. Top Twenty fallen.<\/p>\n\n\n\n<p><\/p>\n\n\n\n<p class=\"has-text-align-center has-primary-color has-text-color has-background has-medium-font-size\" style=\"background-color:#f5e5e0\"><strong>Unsere neusten Beitr\u00e4ge in der Rubrik Top Touren:<\/strong><\/p>\n\n\n\n<p><\/p>\n\n\n<div class=\"wp-block-themezee-magazine-blocks-list tz-magazine-block \"><div class=\"tz-magazine-list tz-magazine-list-30-70\"><div class=\"tz-post-wrap\"><article id=\"post-3871\" class=\"tz-magazine-post post-3871 post tz-type-post status-publish format-standard has-post-thumbnail hentry category-amerika category-top-twenty category-usa-hike category-usa-np\"><div class=\"tz-post-image\"><figure class=\"tz-entry-image entry-image\"><a href=\"https:\/\/uk-waldmann.de\/WP\/reisen\/havasu-canyon-trail\/\" rel=\"bookmark\"><img loading=\"lazy\" decoding=\"async\" width=\"1200\" height=\"900\" src=\"https:\/\/uk-waldmann.de\/WP\/reisen\/wp-content\/uploads\/sites\/12\/2021\/04\/nggallery_import\/2014-08_HavasuCanyonTrail_003.JPG\" class=\"attachment-full size-full wp-post-image\" alt=\"\" \/><\/a><\/figure><\/div><div class=\"tz-post-content\"><header class=\"tz-entry-header entry-header\"><h2 class=\"tz-entry-title entry-title\"><a href=\"https:\/\/uk-waldmann.de\/WP\/reisen\/havasu-canyon-trail\/\" rel=\"bookmark\">Havasupai Canyon Trail<\/a><\/h2><\/header><div class=\"tz-entry-content entry-content\"><p>Um zu den M\u00e4nnern des blaugr\u00fcnen Wassers zu kommen brauchten wir zwei Anl\u00e4ufe. Zum ersten mal versuchten wir es 2008, bei unserer Tour von den <span class=\"tz-excerpt-more\">[&hellip;]<\/span><\/p><p class=\"tz-read-more read-more\"><a href=\"https:\/\/uk-waldmann.de\/WP\/reisen\/havasu-canyon-trail\/\" class=\"tz-more-link more-link\" rel=\"bookmark\">zum Top-Twenty Beitrag<\/a><\/p><\/div><\/div><\/article><\/div><div class=\"tz-post-wrap\"><article id=\"post-1524\" class=\"tz-magazine-post post-1524 post tz-type-post status-publish format-standard has-post-thumbnail hentry category-amerika category-top-twenty category-usa-hike\"><div class=\"tz-post-image\"><figure class=\"tz-entry-image entry-image\"><a href=\"https:\/\/uk-waldmann.de\/WP\/reisen\/lower-calf-creek-canyon\/\" rel=\"bookmark\"><img loading=\"lazy\" decoding=\"async\" width=\"1200\" height=\"800\" src=\"https:\/\/uk-waldmann.de\/WP\/reisen\/wp-content\/uploads\/sites\/12\/2019\/08\/Hike-Lower-Calf-Creek-Canyon-021.JPG\" class=\"attachment-full size-full wp-post-image\" alt=\"\" \/><\/a><\/figure><\/div><div class=\"tz-post-content\"><header class=\"tz-entry-header entry-header\"><h2 class=\"tz-entry-title entry-title\"><a href=\"https:\/\/uk-waldmann.de\/WP\/reisen\/lower-calf-creek-canyon\/\" rel=\"bookmark\">Lower Calf Creek Canyon<\/a><\/h2><\/header><div class=\"tz-entry-content entry-content\"><p>Dieser Hike z\u00e4hlt zu unseren Top twenty. Wer sich in in der Gegend von Escalante (zwischen Capitol Reef und Bryce Canyon) aufh\u00e4lt sollte diesen kurzen <span class=\"tz-excerpt-more\">[&hellip;]<\/span><\/p><p class=\"tz-read-more read-more\"><a href=\"https:\/\/uk-waldmann.de\/WP\/reisen\/lower-calf-creek-canyon\/\" class=\"tz-more-link more-link\" rel=\"bookmark\">zum Top-Twenty Beitrag<\/a><\/p><\/div><\/div><\/article><\/div><\/div><\/div>\n\n\n<p><\/p>\n\n\n\n<p><\/p>\n\n\n\n<p><\/p>\n","protected":false},"excerpt":{"rendered":"<p>Immer wieder werden wir gefragt, wo es uns am besten gefallen h\u00e4tte.Sicher, wir haben unsere Lieblingsorte und Regionen. Auch die eine oder andere Wanderung, bzw. [&#8230;]<\/p>\n","protected":false},"author":1,"featured_media":0,"parent":0,"menu_order":600,"comment_status":"closed","ping_status":"closed","template":"templates\/template-fullwidth.php","meta":{"_lmt_disableupdate":"no","_lmt_disable":"","ngg_post_thumbnail":0,"footnotes":""},"class_list":["post-75","page","type-page","status-publish","hentry"],"_links":{"self":[{"href":"https:\/\/uk-waldmann.de\/WP\/reisen\/wp-json\/wp\/v2\/pages\/75","targetHints":{"allow":["GET"]}}],"collection":[{"href":"https:\/\/uk-waldmann.de\/WP\/reisen\/wp-json\/wp\/v2\/pages"}],"about":[{"href":"https:\/\/uk-waldmann.de\/WP\/reisen\/wp-json\/wp\/v2\/types\/page"}],"author":[{"embeddable":true,"href":"https:\/\/uk-waldmann.de\/WP\/reisen\/wp-json\/wp\/v2\/users\/1"}],"replies":[{"embeddable":true,"href":"https:\/\/uk-waldmann.de\/WP\/reisen\/wp-json\/wp\/v2\/comments?post=75"}],"version-history":[{"count":16,"href":"https:\/\/uk-waldmann.de\/WP\/reisen\/wp-json\/wp\/v2\/pages\/75\/revisions"}],"predecessor-version":[{"id":4864,"href":"https:\/\/uk-waldmann.de\/WP\/reisen\/wp-json\/wp\/v2\/pages\/75\/revisions\/4864"}],"wp:attachment":[{"href":"https:\/\/uk-waldmann.de\/WP\/reisen\/wp-json\/wp\/v2\/media?parent=75"}],"curies":[{"name":"wp","href":"https:\/\/api.w.org\/{rel}","templated":true}]}}