{"id":77,"date":"2019-05-20T21:17:55","date_gmt":"2019-05-20T19:17:55","guid":{"rendered":"http:\/\/uk-waldmann.de\/WP\/reisen\/?page_id=77"},"modified":"2026-04-04T12:21:37","modified_gmt":"2026-04-04T10:21:37","slug":"europa","status":"publish","type":"page","link":"https:\/\/uk-waldmann.de\/WP\/reisen\/europa\/","title":{"rendered":"Europa"},"content":{"rendered":"\n<p>Neben unserem bisherigen Reiseschwerpunkt USA und dort vor allem USA West haben  wir auch viele sch\u00f6ne Orte in Europa besucht.<br><br>Sie finden hier in k\u00fcrze reichlich Informationen \u00fcber:<\/p>\n\n\n\n<ul class=\"wp-block-list\">\n<li>S\u00fcdengland (Cornwall, das Land von Rosamunde Pilcher und King Arthur -> 1997, 2005, 2019) <\/li>\n\n\n\n<li>Kanalinseln (Jersey, Gurnsey, Alderney und vor allem Sark -> 1998, 2011, 2015, 2018)<\/li>\n\n\n\n<li>Irland ( -> 2007, 2008)<\/li>\n\n\n\n<li>Spanien (Madrid und Andalusien)<\/li>\n\n\n\n<li>Malta<\/li>\n\n\n\n<li>Kanarische Inseln (La Palma und Teneriffa -> 2011, 2012, 2013, 2016)<\/li>\n\n\n\n<li>Madeira (2006)<\/li>\n<\/ul>\n\n\n\n<p><\/p>\n\n\n\n<p class=\"has-text-align-center has-primary-color has-text-color has-background has-medium-font-size\" style=\"background-color:#f5e5e0\"><strong>Unsere neusten Beitr\u00e4ge in der Rubrik Europa:<\/strong><\/p>\n\n\n\n<p><\/p>\n\n\n<div class=\"wp-block-themezee-magazine-blocks-grid tz-magazine-block \"><div class=\"tz-magazine-grid-columns tz-magazine-grid-columns-4\"><div class=\"tz-post-wrap\"><article id=\"post-6729\" class=\"tz-magazine-post post-6729 post tz-type-post status-publish format-standard has-post-thumbnail hentry category-europa category-gb-kanalinsel category-sark tag-post_sark\"><figure class=\"tz-entry-image entry-image\"><a href=\"https:\/\/uk-waldmann.de\/WP\/reisen\/sark-inselmomente-zwischen-felsen-ruhe\/\" rel=\"bookmark\"><img loading=\"lazy\" decoding=\"async\" width=\"1067\" height=\"800\" src=\"https:\/\/uk-waldmann.de\/WP\/reisen\/wp-content\/uploads\/sites\/12\/2025\/08\/nggallery_import\/2005_Cornwall-Sark_0618.JPG\" class=\"attachment-zeedynamic-thumbnail-large size-zeedynamic-thumbnail-large wp-post-image\" alt=\"\" \/><\/a><\/figure><header class=\"tz-entry-header entry-header\"><h2 class=\"tz-entry-title entry-title\"><a href=\"https:\/\/uk-waldmann.de\/WP\/reisen\/sark-inselmomente-zwischen-felsen-ruhe\/\" rel=\"bookmark\">Sark-Home<\/a><\/h2><\/header><div class=\"tz-entry-content entry-content\"><p>Sark \u2013 Inselmomente zwischen Felsen &amp; Ruhe &nbsp; Kurz-Intro in 2\u20133 S\u00e4tzen: Was macht Sark f\u00fcr euch besonders? (Bootsanreise, Auto-frei, K\u00fcstenpfade, Hotel Stocks\u2026) \u00dcberblick &amp; <span class=\"tz-excerpt-more\">[&hellip;]<\/span><\/p><p class=\"tz-read-more read-more\"><a href=\"https:\/\/uk-waldmann.de\/WP\/reisen\/sark-inselmomente-zwischen-felsen-ruhe\/\" class=\"tz-more-link more-link\" rel=\"bookmark\">Bericht weiterlesen ,,,<\/a><\/p><\/div><\/article><\/div><div class=\"tz-post-wrap\"><article id=\"post-6155\" class=\"tz-magazine-post post-6155 post tz-type-post status-publish format-standard has-post-thumbnail hentry category-europa category-staedtereisen tag-blauegewoelbe tag-post_dresden tag-schloss tag-semperoper tag-zwinger\"><figure class=\"tz-entry-image entry-image\"><a href=\"https:\/\/uk-waldmann.de\/WP\/reisen\/dresden-entwurf\/\" rel=\"bookmark\"><img loading=\"lazy\" decoding=\"async\" width=\"1200\" height=\"800\" src=\"https:\/\/uk-waldmann.de\/WP\/reisen\/wp-content\/uploads\/sites\/12\/2025\/01\/nggallery_import\/2022-07-15_Dresden_091-cc.JPG\" class=\"attachment-zeedynamic-thumbnail-large size-zeedynamic-thumbnail-large wp-post-image\" alt=\"\" \/><\/a><\/figure><header class=\"tz-entry-header entry-header\"><h2 class=\"tz-entry-title entry-title\"><a href=\"https:\/\/uk-waldmann.de\/WP\/reisen\/dresden-entwurf\/\" rel=\"bookmark\">Dresden (Entwurf)<\/a><\/h2><\/header><div class=\"tz-entry-content entry-content\"><p>Eigentlich wollten wir Dresden ja schon bei unserem Aufenthalt im Elbsandsteingebirge einen Besuch abstatten. Leider hat die Zeit da nicht gereicht. So haben wir uns <span class=\"tz-excerpt-more\">[&hellip;]<\/span><\/p><p class=\"tz-read-more read-more\"><a href=\"https:\/\/uk-waldmann.de\/WP\/reisen\/dresden-entwurf\/\" class=\"tz-more-link more-link\" rel=\"bookmark\">Bericht weiterlesen ,,,<\/a><\/p><\/div><\/article><\/div><div class=\"tz-post-wrap\"><article id=\"post-6399\" class=\"tz-magazine-post post-6399 post tz-type-post status-publish format-standard has-post-thumbnail hentry category-europa category-gb-suedengland tag-post_bournemouth\"><figure class=\"tz-entry-image entry-image\"><a href=\"https:\/\/uk-waldmann.de\/WP\/reisen\/bournemouth\/\" rel=\"bookmark\"><img loading=\"lazy\" decoding=\"async\" width=\"1200\" height=\"800\" src=\"https:\/\/uk-waldmann.de\/WP\/reisen\/wp-content\/uploads\/sites\/12\/2025\/07\/nggallery_import\/201309_Poole_14_IMG_0056.JPG\" class=\"attachment-zeedynamic-thumbnail-large size-zeedynamic-thumbnail-large wp-post-image\" alt=\"\" \/><\/a><\/figure><header class=\"tz-entry-header entry-header\"><h2 class=\"tz-entry-title entry-title\"><a href=\"https:\/\/uk-waldmann.de\/WP\/reisen\/bournemouth\/\" rel=\"bookmark\">Bournemouth<\/a><\/h2><\/header><div class=\"tz-entry-content entry-content\"><p>Diese Seite befindet sich im Aufbau. Hier finden Sie Informationen, vor allem aus den Klassenfahrten der Wirtschaftsschule Erlangen nach Bournemouth, Christchurch und Pool sowie Umgebung. <span class=\"tz-excerpt-more\">[&hellip;]<\/span><\/p><p class=\"tz-read-more read-more\"><a href=\"https:\/\/uk-waldmann.de\/WP\/reisen\/bournemouth\/\" class=\"tz-more-link more-link\" rel=\"bookmark\">Bericht weiterlesen ,,,<\/a><\/p><\/div><\/article><\/div><div class=\"tz-post-wrap\"><article id=\"post-1685\" class=\"tz-magazine-post post-1685 post tz-type-post status-publish format-standard has-post-thumbnail hentry category-europa category-gb-suedengland tag-post_northcoast\"><figure class=\"tz-entry-image entry-image\"><a href=\"https:\/\/uk-waldmann.de\/WP\/reisen\/cornwall\/\" rel=\"bookmark\"><img loading=\"lazy\" decoding=\"async\" width=\"1067\" height=\"800\" src=\"https:\/\/uk-waldmann.de\/WP\/reisen\/wp-content\/uploads\/sites\/12\/2025\/07\/nggallery_import\/2005_Cornwall-Sark_0466.JPG\" class=\"attachment-zeedynamic-thumbnail-large size-zeedynamic-thumbnail-large wp-post-image\" alt=\"\" \/><\/a><\/figure><header class=\"tz-entry-header entry-header\"><h2 class=\"tz-entry-title entry-title\"><a href=\"https:\/\/uk-waldmann.de\/WP\/reisen\/cornwall\/\" rel=\"bookmark\">Cornwall-North Coast<\/a><\/h2><\/header><div class=\"tz-entry-content entry-content\"><p>&nbsp; Derzeit arbeiten wir an folgenden Berichten, welche wir zuerst mit einer Kurzbeschreibung und Bildern versehen werden, bevor detaillierte Informationen folgen.&nbsp; &nbsp; Tintagel (Merlins Burg) <span class=\"tz-excerpt-more\">[&hellip;]<\/span><\/p><p class=\"tz-read-more read-more\"><a href=\"https:\/\/uk-waldmann.de\/WP\/reisen\/cornwall\/\" class=\"tz-more-link more-link\" rel=\"bookmark\">Bericht weiterlesen ,,,<\/a><\/p><\/div><\/article><\/div><\/div><\/div>","protected":false},"excerpt":{"rendered":"<p>Neben unserem bisherigen Reiseschwerpunkt USA und dort vor allem USA West haben wir auch viele sch\u00f6ne Orte in Europa besucht. Sie finden hier in k\u00fcrze [&#8230;]<\/p>\n","protected":false},"author":1,"featured_media":0,"parent":0,"menu_order":100,"comment_status":"closed","ping_status":"closed","template":"templates\/template-fullwidth.php","meta":{"_lmt_disableupdate":"","_lmt_disable":"","ngg_post_thumbnail":0,"footnotes":""},"class_list":["post-77","page","type-page","status-publish","hentry"],"_links":{"self":[{"href":"https:\/\/uk-waldmann.de\/WP\/reisen\/wp-json\/wp\/v2\/pages\/77","targetHints":{"allow":["GET"]}}],"collection":[{"href":"https:\/\/uk-waldmann.de\/WP\/reisen\/wp-json\/wp\/v2\/pages"}],"about":[{"href":"https:\/\/uk-waldmann.de\/WP\/reisen\/wp-json\/wp\/v2\/types\/page"}],"author":[{"embeddable":true,"href":"https:\/\/uk-waldmann.de\/WP\/reisen\/wp-json\/wp\/v2\/users\/1"}],"replies":[{"embeddable":true,"href":"https:\/\/uk-waldmann.de\/WP\/reisen\/wp-json\/wp\/v2\/comments?post=77"}],"version-history":[{"count":23,"href":"https:\/\/uk-waldmann.de\/WP\/reisen\/wp-json\/wp\/v2\/pages\/77\/revisions"}],"predecessor-version":[{"id":6180,"href":"https:\/\/uk-waldmann.de\/WP\/reisen\/wp-json\/wp\/v2\/pages\/77\/revisions\/6180"}],"wp:attachment":[{"href":"https:\/\/uk-waldmann.de\/WP\/reisen\/wp-json\/wp\/v2\/media?parent=77"}],"curies":[{"name":"wp","href":"https:\/\/api.w.org\/{rel}","templated":true}]}}