{"id":979,"date":"2019-08-12T20:30:42","date_gmt":"2019-08-12T18:30:42","guid":{"rendered":"http:\/\/uk-waldmann.de\/WP\/reisen\/?page_id=979"},"modified":"2026-04-04T12:23:25","modified_gmt":"2026-04-04T10:23:25","slug":"literatur","status":"publish","type":"page","link":"https:\/\/uk-waldmann.de\/WP\/reisen\/literatur\/","title":{"rendered":"Literatur"},"content":{"rendered":"\n<p>\n\nUm uns auf unsere Reisen und Touren vorzubereiten haben wir im Vorfeld viele Reisef\u00fchrer gew\u00e4lzt und Planungen gemacht. <br>Klar, seit dem letzten Jahrtausendwechsel l\u00e4sst sich eine Menge mit dem Internet erkunden. Trotzdem sind wir beide immer noch gute Freunde des klassischen Reisef\u00fchrersm bzw. von Wanderf\u00fchreren.<\/p>\n\n\n\n<p> Nachfolgend haben wir zusammengestellt, was wir als Vorbereitung zu den Reisen, bzw als Begleitlekt\u00fcre gelesen haben. \n\n<\/p>\n","protected":false},"excerpt":{"rendered":"<p>Um uns auf unsere Reisen und Touren vorzubereiten haben wir im Vorfeld viele Reisef\u00fchrer gew\u00e4lzt und Planungen gemacht. Klar, seit dem letzten Jahrtausendwechsel l\u00e4sst sich [&#8230;]<\/p>\n","protected":false},"author":1,"featured_media":0,"parent":0,"menu_order":1,"comment_status":"closed","ping_status":"closed","template":"templates\/template-fullwidth.php","meta":{"_lmt_disableupdate":"no","_lmt_disable":"","ngg_post_thumbnail":0,"footnotes":""},"class_list":["post-979","page","type-page","status-publish","hentry"],"_links":{"self":[{"href":"https:\/\/uk-waldmann.de\/WP\/reisen\/wp-json\/wp\/v2\/pages\/979","targetHints":{"allow":["GET"]}}],"collection":[{"href":"https:\/\/uk-waldmann.de\/WP\/reisen\/wp-json\/wp\/v2\/pages"}],"about":[{"href":"https:\/\/uk-waldmann.de\/WP\/reisen\/wp-json\/wp\/v2\/types\/page"}],"author":[{"embeddable":true,"href":"https:\/\/uk-waldmann.de\/WP\/reisen\/wp-json\/wp\/v2\/users\/1"}],"replies":[{"embeddable":true,"href":"https:\/\/uk-waldmann.de\/WP\/reisen\/wp-json\/wp\/v2\/comments?post=979"}],"version-history":[{"count":1,"href":"https:\/\/uk-waldmann.de\/WP\/reisen\/wp-json\/wp\/v2\/pages\/979\/revisions"}],"predecessor-version":[{"id":980,"href":"https:\/\/uk-waldmann.de\/WP\/reisen\/wp-json\/wp\/v2\/pages\/979\/revisions\/980"}],"wp:attachment":[{"href":"https:\/\/uk-waldmann.de\/WP\/reisen\/wp-json\/wp\/v2\/media?parent=979"}],"curies":[{"name":"wp","href":"https:\/\/api.w.org\/{rel}","templated":true}]}}