{"id":362,"date":"2020-08-27T10:50:44","date_gmt":"2020-08-27T08:50:44","guid":{"rendered":"http:\/\/uk-waldmann.de\/WP\/wir\/?page_id=362"},"modified":"2026-04-04T17:46:02","modified_gmt":"2026-04-04T15:46:02","slug":"ueber-uns-startseite","status":"publish","type":"page","link":"https:\/\/uk-waldmann.de\/WP\/wir\/","title":{"rendered":"Mehr \u00fcber UKW"},"content":{"rendered":"\n<h1 class=\"wp-block-heading\">Mehr \u00fcber UKW<\/h1>\n\n\n\n<p>Sch\u00f6n, dass Sie hier gelandet sind. Diese Seite ist unser gemeinsamer Raum f\u00fcr Themen, die direkt \u201eum uns herum\u201c passieren \u2013 in Erlangen, in unserem Alltag und in den Projekten, in denen wir unterwegs sind.<\/p>\n\n\n\n<p>In den n\u00e4chsten Monaten werden wir nach und nach \u00e4ltere Inhalte aus unserer bisherigen Homepage hierher umziehen, erg\u00e4nzen und neu sortieren. Manches kennen langj\u00e4hrige Wegbegleiter schon, anderes kommt neu dazu.<\/p>\n\n\n\n<p>Wir freuen uns, wenn Sie einfach immer wieder einmal vorbeischauen und ein St\u00fcck mit uns mitgehen.<\/p>\n\n\n\n<p>Herzliche Gr\u00fc\u00dfe<br>Uschi &amp; Klaus<\/p>\n\n\n\n<p>Infos \u00fcber Klaus finden Sie auch auf <a href=\"https:\/\/www.linkedin.com\/in\/klauswaldmann\/\">LinkedIn<\/a>.<\/p>\n\n\n\n<hr class=\"wp-block-separator has-alpha-channel-opacity is-style-wide\"\/>\n\n\n\n<h3 class=\"wp-block-heading is-style-default\"><br>Die letzten Beitr\u00e4ge in diesem Portal<\/h3>\n\n\n<div class=\"wp-block-themezee-magazine-blocks-list tz-magazine-block ukw-mag-standard\"><div class=\"tz-magazine-list tz-magazine-list-40-60\"><div class=\"tz-post-wrap\"><article id=\"post-1986\" class=\"tz-magazine-post post-1986 post tz-type-post status-publish format-standard has-post-thumbnail hentry category-drum-rum tag-eyecatcher_nahundfern\"><div class=\"tz-post-image\"><figure class=\"tz-entry-image entry-image\"><a href=\"https:\/\/uk-waldmann.de\/WP\/wir\/nah-und-fern\/\" rel=\"bookmark\"><img loading=\"lazy\" decoding=\"async\" width=\"640\" height=\"417\" src=\"https:\/\/uk-waldmann.de\/WP\/wir\/wp-content\/uploads\/sites\/14\/2026\/03\/EYECatcher_wp_wir_NahUndFern.jpg\" class=\"attachment-full size-full wp-post-image\" alt=\"\" \/><\/a><\/figure><\/div><div class=\"tz-post-content\"><header class=\"tz-entry-header entry-header\"><h2 class=\"tz-entry-title entry-title\"><a href=\"https:\/\/uk-waldmann.de\/WP\/wir\/nah-und-fern\/\" rel=\"bookmark\">Nah und Fern<\/a><\/h2><\/header><div class=\"tz-entry-content entry-content\"><p>Nach meiner Verrentung erhoffte ich mir mehr Zeit f\u00fcr mein Hobby Fotografieren. Bisher ist es mir leider noch nicht so recht gelungen, da viele Aufgaben <span class=\"tz-excerpt-more\">[&hellip;]<\/span><\/p><p class=\"tz-read-more read-more\"><a href=\"https:\/\/uk-waldmann.de\/WP\/wir\/nah-und-fern\/\" class=\"tz-more-link more-link\" rel=\"bookmark\">Weiterlesen ,,,,<\/a><\/p><\/div><\/div><\/article><\/div><div class=\"tz-post-wrap\"><article id=\"post-1981\" class=\"tz-magazine-post post-1981 post tz-type-post status-publish format-standard has-post-thumbnail hentry category-drum-rum tag-eyecatcher-top-50\"><div class=\"tz-post-image\"><figure class=\"tz-entry-image entry-image\"><a href=\"https:\/\/uk-waldmann.de\/WP\/wir\/top-50\/\" rel=\"bookmark\"><img loading=\"lazy\" decoding=\"async\" width=\"640\" height=\"317\" src=\"https:\/\/uk-waldmann.de\/WP\/wir\/wp-content\/uploads\/sites\/14\/2026\/03\/EYECatcher_wp_wir_SchoeneBilder.jpg\" class=\"attachment-full size-full wp-post-image\" alt=\"\" \/><\/a><\/figure><\/div><div class=\"tz-post-content\"><header class=\"tz-entry-header entry-header\"><h2 class=\"tz-entry-title entry-title\"><a href=\"https:\/\/uk-waldmann.de\/WP\/wir\/top-50\/\" rel=\"bookmark\">Top Bilder<\/a><\/h2><\/header><div class=\"tz-entry-content entry-content\"><p>Anmerkung:Hierher kommen Bilder, die einzigartig sind.Die Bilder stammen aus allen Subsites und werden hier als Top50 in verschiedenen Gruppierungeen pr\u00e4sentiert. Sonnenunter und Aufg\u00e4nge einzigartige Tiere <span class=\"tz-excerpt-more\">[&hellip;]<\/span><\/p><p class=\"tz-read-more read-more\"><a href=\"https:\/\/uk-waldmann.de\/WP\/wir\/top-50\/\" class=\"tz-more-link more-link\" rel=\"bookmark\">Weiterlesen ,,,,<\/a><\/p><\/div><\/div><\/article><\/div><div class=\"tz-post-wrap\"><article id=\"post-1698\" class=\"tz-magazine-post post-1698 post tz-type-post status-publish format-standard has-post-thumbnail hentry category-bei-uns tag-eyecatcher-handball\"><div class=\"tz-post-image\"><figure class=\"tz-entry-image entry-image\"><a href=\"https:\/\/uk-waldmann.de\/WP\/wir\/handball\/\" rel=\"bookmark\"><img loading=\"lazy\" decoding=\"async\" width=\"150\" height=\"150\" src=\"https:\/\/uk-waldmann.de\/WP\/wir\/wp-content\/uploads\/sites\/14\/2019\/12\/HCE_Logo.jpg\" class=\"attachment-full size-full wp-post-image\" alt=\"\" \/><\/a><\/figure><\/div><div class=\"tz-post-content\"><header class=\"tz-entry-header entry-header\"><h2 class=\"tz-entry-title entry-title\"><a href=\"https:\/\/uk-waldmann.de\/WP\/wir\/handball\/\" rel=\"bookmark\">Handball<\/a><\/h2><\/header><div class=\"tz-entry-content entry-content\"><p>Seit vielen Jahren sind wir wieder Fans des Handballsports. Hier werden im laufe der Zeit viele Informationen und Bilder um diesen Sport, vor allem aus <span class=\"tz-excerpt-more\">[&hellip;]<\/span><\/p><p class=\"tz-read-more read-more\"><a href=\"https:\/\/uk-waldmann.de\/WP\/wir\/handball\/\" class=\"tz-more-link more-link\" rel=\"bookmark\">Weiterlesen ,,,,<\/a><\/p><\/div><\/div><\/article><\/div><div class=\"tz-post-wrap\"><article id=\"post-1120\" class=\"tz-magazine-post post-1120 post tz-type-post status-publish format-standard has-post-thumbnail hentry category-bei-uns tag-eyecatcher-waermepumpe\"><div class=\"tz-post-image\"><figure class=\"tz-entry-image entry-image\"><a href=\"https:\/\/uk-waldmann.de\/WP\/wir\/umstieg-oel-wp\/\" rel=\"bookmark\"><img loading=\"lazy\" decoding=\"async\" width=\"1200\" height=\"800\" src=\"https:\/\/uk-waldmann.de\/WP\/wir\/wp-content\/uploads\/sites\/14\/2026\/03\/pv-kap3-2-montage-04.jpg\" class=\"attachment-full size-full wp-post-image\" alt=\"\" \/><\/a><\/figure><\/div><div class=\"tz-post-content\"><header class=\"tz-entry-header entry-header\"><h2 class=\"tz-entry-title entry-title\"><a href=\"https:\/\/uk-waldmann.de\/WP\/wir\/umstieg-oel-wp\/\" rel=\"bookmark\">Unser Weg zur Autarkie: Von der alten \u00d6lheizung zur modernen PV-Anlage und Erdw\u00e4rmepumpe<\/a><\/h2><\/header><div class=\"tz-entry-content entry-content\"><p>Einleitung \u2013 Warum wir uns f\u00fcr den Umstieg entschieden haben Im Sommer 2020 standen wir vor einer Entscheidung, die viele Haushalte irgendwann treffen m\u00fcssen: Unsere <span class=\"tz-excerpt-more\">[&hellip;]<\/span><\/p><p class=\"tz-read-more read-more\"><a href=\"https:\/\/uk-waldmann.de\/WP\/wir\/umstieg-oel-wp\/\" class=\"tz-more-link more-link\" rel=\"bookmark\">Weiterlesen ,,,,<\/a><\/p><\/div><\/div><\/article><\/div><div class=\"tz-post-wrap\"><article id=\"post-370\" class=\"tz-magazine-post post-370 post tz-type-post status-publish format-standard has-post-thumbnail hentry category-drum-rum tag-eyecatcher-blumen-pflanzen-insekten\"><div class=\"tz-post-image\"><figure class=\"tz-entry-image entry-image\"><a href=\"https:\/\/uk-waldmann.de\/WP\/wir\/r8-garten\/\" rel=\"bookmark\"><img loading=\"lazy\" decoding=\"async\" width=\"1200\" height=\"800\" src=\"https:\/\/uk-waldmann.de\/WP\/wir\/wp-content\/uploads\/sites\/14\/2020\/08\/2017-04-02-14-58-38_Garten_R8_0361.jpg\" class=\"attachment-full size-full wp-post-image\" alt=\"Lenzrose\" \/><\/a><\/figure><\/div><div class=\"tz-post-content\"><header class=\"tz-entry-header entry-header\"><h2 class=\"tz-entry-title entry-title\"><a href=\"https:\/\/uk-waldmann.de\/WP\/wir\/r8-garten\/\" rel=\"bookmark\">Blumen und Pflanzen, V\u00f6gel und Insekten in und um unseren Garten<\/a><\/h2><\/header><div class=\"tz-entry-content entry-content\"><p>Viele Bilder von Blumen und Str\u00e4uchern rund um unser Haus sind zwischenzeitlich entstanden. Einige davon haben wir hier zum Anschauen bereitgestellt. Wussten Sie schon:Der ph\u00e4nologische <span class=\"tz-excerpt-more\">[&hellip;]<\/span><\/p><p class=\"tz-read-more read-more\"><a href=\"https:\/\/uk-waldmann.de\/WP\/wir\/r8-garten\/\" class=\"tz-more-link more-link\" rel=\"bookmark\">Weiterlesen ,,,,<\/a><\/p><\/div><\/div><\/article><\/div><div class=\"tz-post-wrap\"><article id=\"post-375\" class=\"tz-magazine-post post-375 post tz-type-post status-publish format-standard has-post-thumbnail hentry category-drum-rum tag-eyecatcher-gaerten-um-uns\"><div class=\"tz-post-image\"><figure class=\"tz-entry-image entry-image\"><a href=\"https:\/\/uk-waldmann.de\/WP\/wir\/haeuser-um-uns-rum\/\" rel=\"bookmark\"><img loading=\"lazy\" decoding=\"async\" width=\"1200\" height=\"800\" src=\"https:\/\/uk-waldmann.de\/WP\/wir\/wp-content\/uploads\/sites\/14\/2022\/12\/nggallery_import\/2017-06-11-18-21-04_Garten_R8_076.JPG\" class=\"attachment-full size-full wp-post-image\" alt=\"\" \/><\/a><\/figure><\/div><div class=\"tz-post-content\"><header class=\"tz-entry-header entry-header\"><h2 class=\"tz-entry-title entry-title\"><a href=\"https:\/\/uk-waldmann.de\/WP\/wir\/haeuser-um-uns-rum\/\" rel=\"bookmark\">Sch\u00f6ne G\u00e4rten um uns rum<\/a><\/h2><\/header><div class=\"tz-entry-content entry-content\"><p>G\u00e4rten und H\u00e4user in der Gegend Hier werden wir k\u00fcnftig sch\u00f6ne Bilder aus Erlangen und Umgebung pr\u00e4sentieren. <span class=\"tz-excerpt-more\">[&hellip;]<\/span><\/p><p class=\"tz-read-more read-more\"><a href=\"https:\/\/uk-waldmann.de\/WP\/wir\/haeuser-um-uns-rum\/\" class=\"tz-more-link more-link\" rel=\"bookmark\">Weiterlesen ,,,,<\/a><\/p><\/div><\/div><\/article><\/div><\/div><\/div>","protected":false},"excerpt":{"rendered":"<p>Mehr \u00fcber UKW Sch\u00f6n, dass Sie hier gelandet sind. Diese Seite ist unser gemeinsamer Raum f\u00fcr Themen, die direkt \u201eum uns herum\u201c passieren \u2013 in [&#8230;]<\/p>\n","protected":false},"author":1,"featured_media":0,"parent":0,"menu_order":0,"comment_status":"closed","ping_status":"closed","template":"templates\/template-sidebar-right-no-title.php","meta":{"_lmt_disableupdate":"no","_lmt_disable":"","footnotes":""},"class_list":["post-362","page","type-page","status-publish","hentry"],"_links":{"self":[{"href":"https:\/\/uk-waldmann.de\/WP\/wir\/wp-json\/wp\/v2\/pages\/362","targetHints":{"allow":["GET"]}}],"collection":[{"href":"https:\/\/uk-waldmann.de\/WP\/wir\/wp-json\/wp\/v2\/pages"}],"about":[{"href":"https:\/\/uk-waldmann.de\/WP\/wir\/wp-json\/wp\/v2\/types\/page"}],"author":[{"embeddable":true,"href":"https:\/\/uk-waldmann.de\/WP\/wir\/wp-json\/wp\/v2\/users\/1"}],"replies":[{"embeddable":true,"href":"https:\/\/uk-waldmann.de\/WP\/wir\/wp-json\/wp\/v2\/comments?post=362"}],"version-history":[{"count":37,"href":"https:\/\/uk-waldmann.de\/WP\/wir\/wp-json\/wp\/v2\/pages\/362\/revisions"}],"predecessor-version":[{"id":2116,"href":"https:\/\/uk-waldmann.de\/WP\/wir\/wp-json\/wp\/v2\/pages\/362\/revisions\/2116"}],"wp:attachment":[{"href":"https:\/\/uk-waldmann.de\/WP\/wir\/wp-json\/wp\/v2\/media?parent=362"}],"curies":[{"name":"wp","href":"https:\/\/api.w.org\/{rel}","templated":true}]}}