{"id":4,"date":"2019-05-17T20:33:52","date_gmt":"2019-05-17T18:33:52","guid":{"rendered":"http:\/\/uk-waldmann.de\/WP\/wir\/?page_id=4"},"modified":"2026-03-27T07:57:11","modified_gmt":"2026-03-27T06:57:11","slug":"drum-rum","status":"publish","type":"page","link":"https:\/\/uk-waldmann.de\/WP\/wir\/drum-rum\/","title":{"rendered":"Drum rum"},"content":{"rendered":"\n<p><br>Auf diesen (gr\u00fcnen) Seiten finden Sie Berichte und Interessantes aus Erlangen und Umgebung,<br>drum rum um uns quasi.<\/p>\n\n\n\n<p>Hier haben wir begonnen unsere Bilder \u00fcber Blumen, Insekten und V\u00f6gel aus unserem Garten bereit zu stellen. Sie finden aber auch Fotos aus sch\u00f6nen G\u00e4rten und H\u00e4user aus ganz Erlangen und Umgebung. Weiter haben wir auch Gartenfotos aus unseren Wanderungen und Reisen f\u00fcr Sie hier bereit gestellt.<br>(Einf\u00fcgen von Magazin Grid f\u00fcr: Blumen\/Gartenausschnitte, V\u00f6gel, Insekten und von den Wanderungen Blumen und G\u00e4rten)<\/p>\n\n\n<div class=\"wp-block-themezee-magazine-blocks-list tz-magazine-block \"><div class=\"tz-magazine-list tz-magazine-list-40-60\"><div class=\"tz-post-wrap\"><article id=\"post-1986\" class=\"tz-magazine-post post-1986 post tz-type-post status-publish format-standard has-post-thumbnail hentry category-drum-rum tag-eyecatcher_nahundfern\"><div class=\"tz-post-image\"><figure class=\"tz-entry-image entry-image\"><a href=\"https:\/\/uk-waldmann.de\/WP\/wir\/nah-und-fern\/\" rel=\"bookmark\"><img loading=\"lazy\" decoding=\"async\" width=\"640\" height=\"417\" src=\"https:\/\/uk-waldmann.de\/WP\/wir\/wp-content\/uploads\/sites\/14\/2026\/03\/EYECatcher_wp_wir_NahUndFern.jpg\" class=\"attachment-full size-full wp-post-image\" alt=\"\" \/><\/a><\/figure><\/div><div class=\"tz-post-content\"><header class=\"tz-entry-header entry-header\"><h2 class=\"tz-entry-title entry-title\"><a href=\"https:\/\/uk-waldmann.de\/WP\/wir\/nah-und-fern\/\" rel=\"bookmark\">Nah und Fern<\/a><\/h2><div class=\"tz-entry-meta entry-meta\"><span class=\"tz-meta-date meta-date tz-meta-field\"><a href=\"https:\/\/uk-waldmann.de\/WP\/wir\/nah-und-fern\/\" title=\"12:14\" rel=\"bookmark\"><time class=\"published updated\" datetime=\"2026-03-19T12:14:00+01:00\">19. M\u00e4rz 2026<\/time><\/a><\/span><\/div><\/header><div class=\"tz-entry-content entry-content\"><p>Nach meiner Verrentung erhoffte ich mir mehr Zeit f\u00fcr mein Hobby Fotografieren. Bisher ist es mir leider noch nicht so recht gelungen, da viele Aufgaben <span class=\"tz-excerpt-more\">[&hellip;]<\/span><\/p><p class=\"tz-read-more read-more\"><a href=\"https:\/\/uk-waldmann.de\/WP\/wir\/nah-und-fern\/\" class=\"tz-more-link more-link\" rel=\"bookmark\">Interessiert mich ,,,<\/a><\/p><\/div><\/div><\/article><\/div><div class=\"tz-post-wrap\"><article id=\"post-1981\" class=\"tz-magazine-post post-1981 post tz-type-post status-publish format-standard has-post-thumbnail hentry category-drum-rum tag-eyecatcher-top-50\"><div class=\"tz-post-image\"><figure class=\"tz-entry-image entry-image\"><a href=\"https:\/\/uk-waldmann.de\/WP\/wir\/top-50\/\" rel=\"bookmark\"><img loading=\"lazy\" decoding=\"async\" width=\"640\" height=\"317\" src=\"https:\/\/uk-waldmann.de\/WP\/wir\/wp-content\/uploads\/sites\/14\/2026\/03\/EYECatcher_wp_wir_SchoeneBilder.jpg\" class=\"attachment-full size-full wp-post-image\" alt=\"\" \/><\/a><\/figure><\/div><div class=\"tz-post-content\"><header class=\"tz-entry-header entry-header\"><h2 class=\"tz-entry-title entry-title\"><a href=\"https:\/\/uk-waldmann.de\/WP\/wir\/top-50\/\" rel=\"bookmark\">Top Bilder<\/a><\/h2><div class=\"tz-entry-meta entry-meta\"><span class=\"tz-meta-date meta-date tz-meta-field\"><a href=\"https:\/\/uk-waldmann.de\/WP\/wir\/top-50\/\" title=\"15:26\" rel=\"bookmark\"><time class=\"published updated\" datetime=\"2026-03-18T15:26:24+01:00\">18. M\u00e4rz 2026<\/time><\/a><\/span><\/div><\/header><div class=\"tz-entry-content entry-content\"><p>Anmerkung:Hierher kommen Bilder, die einzigartig sind.Die Bilder stammen aus allen Subsites und werden hier als Top50 in verschiedenen Gruppierungeen pr\u00e4sentiert. Sonnenunter und Aufg\u00e4nge einzigartige Tiere <span class=\"tz-excerpt-more\">[&hellip;]<\/span><\/p><p class=\"tz-read-more read-more\"><a href=\"https:\/\/uk-waldmann.de\/WP\/wir\/top-50\/\" class=\"tz-more-link more-link\" rel=\"bookmark\">Interessiert mich ,,,<\/a><\/p><\/div><\/div><\/article><\/div><div class=\"tz-post-wrap\"><article id=\"post-370\" class=\"tz-magazine-post post-370 post tz-type-post status-publish format-standard has-post-thumbnail hentry category-drum-rum tag-eyecatcher-blumen-pflanzen-insekten\"><div class=\"tz-post-image\"><figure class=\"tz-entry-image entry-image\"><a href=\"https:\/\/uk-waldmann.de\/WP\/wir\/r8-garten\/\" rel=\"bookmark\"><img loading=\"lazy\" decoding=\"async\" width=\"1200\" height=\"800\" src=\"https:\/\/uk-waldmann.de\/WP\/wir\/wp-content\/uploads\/sites\/14\/2020\/08\/2017-04-02-14-58-38_Garten_R8_0361.jpg\" class=\"attachment-full size-full wp-post-image\" alt=\"Lenzrose\" \/><\/a><\/figure><\/div><div class=\"tz-post-content\"><header class=\"tz-entry-header entry-header\"><h2 class=\"tz-entry-title entry-title\"><a href=\"https:\/\/uk-waldmann.de\/WP\/wir\/r8-garten\/\" rel=\"bookmark\">Blumen und Pflanzen, V\u00f6gel und Insekten in und um unseren Garten<\/a><\/h2><div class=\"tz-entry-meta entry-meta\"><span class=\"tz-meta-date meta-date tz-meta-field\"><a href=\"https:\/\/uk-waldmann.de\/WP\/wir\/r8-garten\/\" title=\"11:00\" rel=\"bookmark\"><time class=\"published updated\" datetime=\"2020-08-27T11:00:44+02:00\">27. August 2020<\/time><\/a><\/span><\/div><\/header><div class=\"tz-entry-content entry-content\"><p>Viele Bilder von Blumen und Str\u00e4uchern rund um unser Haus sind zwischenzeitlich entstanden. Einige davon haben wir hier zum Anschauen bereitgestellt. Wussten Sie schon:Der ph\u00e4nologische <span class=\"tz-excerpt-more\">[&hellip;]<\/span><\/p><p class=\"tz-read-more read-more\"><a href=\"https:\/\/uk-waldmann.de\/WP\/wir\/r8-garten\/\" class=\"tz-more-link more-link\" rel=\"bookmark\">Interessiert mich ,,,<\/a><\/p><\/div><\/div><\/article><\/div><div class=\"tz-post-wrap\"><article id=\"post-375\" class=\"tz-magazine-post post-375 post tz-type-post status-publish format-standard has-post-thumbnail hentry category-drum-rum tag-eyecatcher-gaerten-um-uns\"><div class=\"tz-post-image\"><figure class=\"tz-entry-image entry-image\"><a href=\"https:\/\/uk-waldmann.de\/WP\/wir\/haeuser-um-uns-rum\/\" rel=\"bookmark\"><img loading=\"lazy\" decoding=\"async\" width=\"1200\" height=\"800\" src=\"https:\/\/uk-waldmann.de\/WP\/wir\/wp-content\/uploads\/sites\/14\/2022\/12\/nggallery_import\/2017-06-11-18-21-04_Garten_R8_076.JPG\" class=\"attachment-full size-full wp-post-image\" alt=\"\" \/><\/a><\/figure><\/div><div class=\"tz-post-content\"><header class=\"tz-entry-header entry-header\"><h2 class=\"tz-entry-title entry-title\"><a href=\"https:\/\/uk-waldmann.de\/WP\/wir\/haeuser-um-uns-rum\/\" rel=\"bookmark\">Sch\u00f6ne G\u00e4rten um uns rum<\/a><\/h2><div class=\"tz-entry-meta entry-meta\"><span class=\"tz-meta-date meta-date tz-meta-field\"><a href=\"https:\/\/uk-waldmann.de\/WP\/wir\/haeuser-um-uns-rum\/\" title=\"9:00\" rel=\"bookmark\"><time class=\"published updated\" datetime=\"2020-08-27T09:00:57+02:00\">27. August 2020<\/time><\/a><\/span><\/div><\/header><div class=\"tz-entry-content entry-content\"><p>G\u00e4rten und H\u00e4user in der Gegend Hier werden wir k\u00fcnftig sch\u00f6ne Bilder aus Erlangen und Umgebung pr\u00e4sentieren. <span class=\"tz-excerpt-more\">[&hellip;]<\/span><\/p><p class=\"tz-read-more read-more\"><a href=\"https:\/\/uk-waldmann.de\/WP\/wir\/haeuser-um-uns-rum\/\" class=\"tz-more-link more-link\" rel=\"bookmark\">Interessiert mich ,,,<\/a><\/p><\/div><\/div><\/article><\/div><div class=\"tz-post-wrap\"><article id=\"post-377\" class=\"tz-magazine-post post-377 post tz-type-post status-publish format-standard has-post-thumbnail hentry category-drum-rum tag-eyecatcher-haeuser-gaerten-aus-aller-welt\"><div class=\"tz-post-image\"><figure class=\"tz-entry-image entry-image\"><a href=\"https:\/\/uk-waldmann.de\/WP\/wir\/journey-gardening\/\" rel=\"bookmark\"><img loading=\"lazy\" decoding=\"async\" width=\"1600\" height=\"1067\" src=\"https:\/\/uk-waldmann.de\/WP\/wir\/wp-content\/uploads\/sites\/14\/2026\/03\/2020-07-13-Elbsandstein-126.jpg\" class=\"attachment-full size-full wp-post-image\" alt=\"\" \/><\/a><\/figure><\/div><div class=\"tz-post-content\"><header class=\"tz-entry-header entry-header\"><h2 class=\"tz-entry-title entry-title\"><a href=\"https:\/\/uk-waldmann.de\/WP\/wir\/journey-gardening\/\" rel=\"bookmark\">H\u00e4user und G\u00e4rten aus aller Welt<\/a><\/h2><div class=\"tz-entry-meta entry-meta\"><span class=\"tz-meta-date meta-date tz-meta-field\"><a href=\"https:\/\/uk-waldmann.de\/WP\/wir\/journey-gardening\/\" title=\"8:00\" rel=\"bookmark\"><time class=\"published updated\" datetime=\"2020-08-27T08:00:37+02:00\">27. August 2020<\/time><\/a><\/span><\/div><\/header><div class=\"tz-entry-content entry-content\"><p>Hier sind Bilder von H\u00e4user und G\u00e4rten aus aller Welt die wir gesehen haben. Sicher finden Sie auch was f\u00fcr Ihren Geschmack. <span class=\"tz-excerpt-more\">[&hellip;]<\/span><\/p><p class=\"tz-read-more read-more\"><a href=\"https:\/\/uk-waldmann.de\/WP\/wir\/journey-gardening\/\" class=\"tz-more-link more-link\" rel=\"bookmark\">Interessiert mich ,,,<\/a><\/p><\/div><\/div><\/article><\/div><div class=\"tz-post-wrap\"><article id=\"post-529\" class=\"tz-magazine-post post-529 post tz-type-post status-publish format-standard has-post-thumbnail hentry category-drum-rum tag-eyecatcher-top-50\"><div class=\"tz-post-image\"><figure class=\"tz-entry-image entry-image\"><a href=\"https:\/\/uk-waldmann.de\/WP\/wir\/einfach-schoene-bilder\/\" rel=\"bookmark\"><img loading=\"lazy\" decoding=\"async\" width=\"225\" height=\"225\" src=\"https:\/\/uk-waldmann.de\/WP\/wir\/wp-content\/uploads\/sites\/14\/2020\/08\/HCE_Logo.jpg\" class=\"attachment-full size-full wp-post-image\" alt=\"\" \/><\/a><\/figure><\/div><div class=\"tz-post-content\"><header class=\"tz-entry-header entry-header\"><h2 class=\"tz-entry-title entry-title\"><a href=\"https:\/\/uk-waldmann.de\/WP\/wir\/einfach-schoene-bilder\/\" rel=\"bookmark\">Einfach sch\u00f6ne Bilder<\/a><\/h2><div class=\"tz-entry-meta entry-meta\"><span class=\"tz-meta-date meta-date tz-meta-field\"><a href=\"https:\/\/uk-waldmann.de\/WP\/wir\/einfach-schoene-bilder\/\" title=\"7:00\" rel=\"bookmark\"><time class=\"published updated\" datetime=\"2020-08-27T07:00:21+02:00\">27. August 2020<\/time><\/a><\/span><\/div><\/header><div class=\"tz-entry-content entry-content\"><p>Eine Auswahl einfach sch\u00f6ner Bilder die wir Ihnen nicht vorenthalten m\u00f6chten. <span class=\"tz-excerpt-more\">[&hellip;]<\/span><\/p><p class=\"tz-read-more read-more\"><a href=\"https:\/\/uk-waldmann.de\/WP\/wir\/einfach-schoene-bilder\/\" class=\"tz-more-link more-link\" rel=\"bookmark\">Interessiert mich ,,,<\/a><\/p><\/div><\/div><\/article><\/div><\/div><\/div>\n\n\n<p><\/p>\n","protected":false},"excerpt":{"rendered":"<p>Auf diesen (gr\u00fcnen) Seiten finden Sie Berichte und Interessantes aus Erlangen und Umgebung,drum rum um uns quasi. Hier haben wir begonnen unsere Bilder \u00fcber Blumen, [&#8230;]<\/p>\n","protected":false},"author":1,"featured_media":0,"parent":0,"menu_order":0,"comment_status":"closed","ping_status":"closed","template":"templates\/template-fullwidth.php","meta":{"_lmt_disableupdate":"","_lmt_disable":"","footnotes":""},"class_list":["post-4","page","type-page","status-publish","hentry"],"_links":{"self":[{"href":"https:\/\/uk-waldmann.de\/WP\/wir\/wp-json\/wp\/v2\/pages\/4","targetHints":{"allow":["GET"]}}],"collection":[{"href":"https:\/\/uk-waldmann.de\/WP\/wir\/wp-json\/wp\/v2\/pages"}],"about":[{"href":"https:\/\/uk-waldmann.de\/WP\/wir\/wp-json\/wp\/v2\/types\/page"}],"author":[{"embeddable":true,"href":"https:\/\/uk-waldmann.de\/WP\/wir\/wp-json\/wp\/v2\/users\/1"}],"replies":[{"embeddable":true,"href":"https:\/\/uk-waldmann.de\/WP\/wir\/wp-json\/wp\/v2\/comments?post=4"}],"version-history":[{"count":35,"href":"https:\/\/uk-waldmann.de\/WP\/wir\/wp-json\/wp\/v2\/pages\/4\/revisions"}],"predecessor-version":[{"id":2112,"href":"https:\/\/uk-waldmann.de\/WP\/wir\/wp-json\/wp\/v2\/pages\/4\/revisions\/2112"}],"wp:attachment":[{"href":"https:\/\/uk-waldmann.de\/WP\/wir\/wp-json\/wp\/v2\/media?parent=4"}],"curies":[{"name":"wp","href":"https:\/\/api.w.org\/{rel}","templated":true}]}}