{"id":116,"date":"2019-05-20T18:12:00","date_gmt":"2019-05-20T16:12:00","guid":{"rendered":"http:\/\/uk-waldmann.de\/WP\/?page_id=116"},"modified":"2025-05-09T20:06:14","modified_gmt":"2025-05-09T18:06:14","slug":"impressum","status":"publish","type":"page","link":"https:\/\/uk-waldmann.de\/WP\/homepage\/impressum\/","title":{"rendered":"Impressum"},"content":{"rendered":"\n<p>Dieses Impressum hat G\u00fcltigkeit f\u00fcr die Homepage <br><a href=\"https:\/\/www.uk-waldmann.de\">www.uk-waldmann.de<\/a>  <br>und den darunter betriebenen Dom\u00e4nen:<\/p>\n\n\n<ul>\n<li><a href=\"https:\/\/uk-waldmann.de\/WP\/reisen\/\" target=\"_blank\" rel=\"noopener noreferrer\">www.uk-waldmann.de\/wp\/reisen\/<\/a><\/li>\n<li><a href=\"https:\/\/uk-waldmann.de\/WP\/asyl\/\" target=\"_blank\" rel=\"noopener noreferrer\">www.uk-waldmann.de\/wp\/asyl\/<\/a><\/li>\n<li><a href=\"https:\/\/uk-waldmann.de\/WP\/wir\/\" target=\"_blank\" rel=\"noopener noreferrer\">www.uk-waldmann.de\/wp\/wir\/<\/a><\/li>\n<li><a href=\"https:\/\/uk-waldmann.de\/WP\/church\/\" target=\"_blank\" rel=\"noopener noreferrer\">www.uk-waldmann.de\/wp\/church\/<\/a><\/li>\n<\/ul>\n\n\n<p><\/p>\n\n\n\n<p><strong>Impressum gem. \u00a75 TMG:<\/strong><br><br><a href=\"http:\/\/www.uk-waldmann.de\/\">www.uk-waldmann.de<\/a> ist ein Angebot von <br>Uschi und Klaus Waldmann, <br>Romesstrasse 8, 91056 Erlangen<br>GERMANY<br>E-Mail-Kontakt: <a rel=\"noreferrer noopener\" aria-label=\"Homepage@UK-Waldmann.de (\u00f6ffnet in neuem Tab)\" href=\"mailto:homepage@uk-waldmann.de\" target=\"_blank\">Homepage@UK-Waldmann.de<\/a><br><\/p>\n\n\n\n<p><strong>Urheberrecht<\/strong><\/p>\n\n\n<header class=\"entry-header\">\n<h6 class=\"page-title\"><a style=\"font-size: 1rem;\" href=\"http:\/\/creativecommons.org\/licenses\/by-nc-sa\/4.0\/\" rel=\"license\"><img loading=\"lazy\" decoding=\"async\" class=\"alignleft\" src=\"https:\/\/i.creativecommons.org\/l\/by-nc-sa\/4.0\/88x31.png\" alt=\"Creative Commons Lizenzvertrag\" width=\"158\" height=\"56\"><\/a><\/h6>\n<\/header>\n<div class=\"entry-content clearfix\"><a href=\"https:\/\/uk-waldmann.de\/\">UKW\u2019s Homepage<\/a> ist lizenziert unter einer &nbsp;<a href=\"http:\/\/creativecommons.org\/licenses\/by-nc-sa\/4.0\/\" rel=\"license\">Creative Commons 4.0 International Lizenz<\/a>.<br>Weitere Infos siehe: <a href=\"https:\/\/uk-waldmann.de\/WP\/lizenz-cc-by-nc-sa-4-0\/\" target=\"_blank\" rel=\"noopener noreferrer\">https:\/\/uk-waldmann.de\/WP\/lizenz-cc-by-nc-sa 4.0\/<\/a><\/div>\n\n\n<p>Bitte beachten Sie, dass andere Rechte die Weiterverwendung, speziell bei Fotos \/ Bildern einschr\u00e4nken k\u00f6nnen.<br>Die unter den Dom\u00e4nen <a href=\"http:\/\/www.uk-waldmann.de\/\" target=\"_blank\" rel=\"noreferrer noopener\">www.uk-waldmann.de<\/a> zur Verf\u00fcgung gestellten Fotos k\u00f6nnen neben der CC-BY-NC-SA 4.0 Lizenz zum einen dem Urheberrecht gem\u00e4\u00df <a href=\"http:\/\/dejure.org\/gesetze\/UrhG\/2.html\" target=\"_blank\" rel=\"noreferrer noopener\">\u00a7 2 UrhG<\/a> als auch<a href=\"http:\/\/dejure.org\/gesetze\/UrhG\/72.html\">\u00a7 72 UrhG<\/a> unterliegen. Abgebildete Personen k\u00f6nnen zus\u00e4tzlich ein Recht am eigenen Bild gem\u00e4\u00df <a href=\"http:\/\/www.gesetze-im-internet.de\/kunsturhg\/__22.html\">\u00a722 KuG<\/a> geltend machen.<\/p>\n\n\n\n<p>F\u00fcr die Bereitstellung unter den o.g. Dom\u00e4nen liegen dem Autor wo erforderlich die entsprechende Freigaben der abgebildeten Personen vor. Bei Verwendung von Fotos \/ Bildern, welche unter \u00a72 UrhG&nbsp;hat der Lizenznehmer selbst f\u00fcr die n\u00f6tigen Rechte zu sorgen.<br><\/p>\n\n\n\n<p><strong>Haftung f\u00fcr Links<\/strong><\/p>\n\n\n\n<p>Unser Angebot enth\u00e4lt Links zu externen Webseiten Dritter, auf deren Inhalte wir keinen Einfluss haben. Deshalb k\u00f6nnen wir f\u00fcr diese fremden Inhalte auch keine Gew\u00e4hr \u00fcbernehmen. F\u00fcr die            Inhalte der verlinkten Seiten ist stets der jeweilige Anbieter oder Betreiber der Seiten verantwortlich. Die verlinkten Seiten wurden zum Zeitpunkt der Verlinkung auf m\u00f6gliche Rechtsverst\u00f6\u00dfe \u00fcberpr\u00fcft.            Rechtswidrige Inhalte waren zum Zeitpunkt der Verlinkung nicht erkennbar. Eine permanente inhaltliche Kontrolle der verlinkten Seiten ist jedoch ohne konkrete Anhaltspunkte einer Rechtsverletzung nicht zumutbar. Bei bekannt werden von Rechtsverletzungen werden wir            derartige Links umgehend entfernen.<\/p>\n\n\n\n<p><strong>Datenschutz<\/strong>  (<a href=\"https:\/\/uk-waldmann.de\/WP\/homepage\/datenschutzerklaerung-2\/\">siehe dazu auch Link<\/a>)<\/p>\n\n\n\n<p>Soweit auf unseren Seiten personenbezogene Daten (beispielsweise Name, Anschrift oder eMail-Adressen) erhoben werden, erfolgt dies soweit m\u00f6glich stets auf freiwilliger Basis. Die Nutzung            der Angebote und Dienste ist, soweit m\u00f6glich, stets ohne Angabe personenbezogener Daten m\u00f6glich. Wir weisen darauf hin, dass die Daten\u00fcbertragung im Internet (z.B. bei der Kommunikation per E-Mail) Sicherheitsl\u00fccken aufweisen kann. Ein l\u00fcckenloser Schutz der Daten vor dem Zugriff durch Dritte ist nicht m\u00f6glich. Der Nutzung von im Rahmen der Impressumspflicht ver\u00f6ffentlichten Kontaktdaten durch Dritte zur \u00dcbersendung von nicht ausdr\u00fccklich angeforderter Werbung und            Informationsmaterialien wird hiermit ausdr\u00fccklich widersprochen. Die Betreiber der Seiten behalten sich ausdr\u00fccklich rechtliche Schritte im Falle der unverlangten Zusendung von Werbeinformationen, etwa durch Spam-Mails, vor.<\/p>\n\n\n\n<p><strong>&nbsp;Copyright<\/strong><\/p>\n\n\n\n<p>Copyright \u00a9 2019 &#8211; 2025 Klaus Waldmann, 91056 Erlangen, GERMANY<\/p>\n","protected":false},"excerpt":{"rendered":"<p>Dieses Impressum hat G\u00fcltigkeit f\u00fcr die Homepage www.uk-waldmann.de und den darunter betriebenen Dom\u00e4nen: www.uk-waldmann.de\/wp\/reisen\/ www.uk-waldmann.de\/wp\/asyl\/ www.uk-waldmann.de\/wp\/wir\/ www.uk-waldmann.de\/wp\/church\/ Impressum gem. \u00a75 TMG: www.uk-waldmann.de ist ein Angebot [&#8230;]<\/p>\n","protected":false},"author":1,"featured_media":0,"parent":328,"menu_order":50,"comment_status":"closed","ping_status":"closed","template":"","meta":{"_lmt_disableupdate":"","_lmt_disable":"","ngg_post_thumbnail":0,"footnotes":""},"class_list":["post-116","page","type-page","status-publish","hentry"],"_links":{"self":[{"href":"https:\/\/uk-waldmann.de\/WP\/wp-json\/wp\/v2\/pages\/116","targetHints":{"allow":["GET"]}}],"collection":[{"href":"https:\/\/uk-waldmann.de\/WP\/wp-json\/wp\/v2\/pages"}],"about":[{"href":"https:\/\/uk-waldmann.de\/WP\/wp-json\/wp\/v2\/types\/page"}],"author":[{"embeddable":true,"href":"https:\/\/uk-waldmann.de\/WP\/wp-json\/wp\/v2\/users\/1"}],"replies":[{"embeddable":true,"href":"https:\/\/uk-waldmann.de\/WP\/wp-json\/wp\/v2\/comments?post=116"}],"version-history":[{"count":44,"href":"https:\/\/uk-waldmann.de\/WP\/wp-json\/wp\/v2\/pages\/116\/revisions"}],"predecessor-version":[{"id":2138,"href":"https:\/\/uk-waldmann.de\/WP\/wp-json\/wp\/v2\/pages\/116\/revisions\/2138"}],"up":[{"embeddable":true,"href":"https:\/\/uk-waldmann.de\/WP\/wp-json\/wp\/v2\/pages\/328"}],"wp:attachment":[{"href":"https:\/\/uk-waldmann.de\/WP\/wp-json\/wp\/v2\/media?parent=116"}],"curies":[{"name":"wp","href":"https:\/\/api.w.org\/{rel}","templated":true}]}}