{"id":1264,"date":"2019-07-29T21:24:17","date_gmt":"2019-07-29T19:24:17","guid":{"rendered":"http:\/\/uk-waldmann.de\/WP\/?page_id=1264"},"modified":"2022-12-29T12:20:13","modified_gmt":"2022-12-29T11:20:13","slug":"datenschutzerklaerung","status":"publish","type":"page","link":"https:\/\/uk-waldmann.de\/WP\/homepage\/datenschutzerklaerung\/","title":{"rendered":"Datenschutzerkl\u00e4rung"},"content":{"rendered":"<h3>Allgemeine Informationen zum Datenschutz<\/h3>\n<p>Die folgenden Hinweise geben einen einfachen \u00dcberblick dar\u00fcber, was mit Ihren personenbezogenen Daten passiert, wenn Sie unsere Website besuchen. Personenbezogene Daten sind alle Daten, mit denen Sie pers\u00f6nlich identifiziert werden k\u00f6nnen. Ausf\u00fchrliche Informationen zum Thema Datenschutz entnehmen Sie der nachfolgenden Datenschutzerkl\u00e4rung.<\/p>\n<p><strong>Datenerfassung auf unserer Website<\/strong><\/p>\n<p>Verantwortlich f\u00fcr die Datenverarbeitung ist der im&nbsp;<a href=\"https:\/\/www.uk-waldmann.de\/wp\/homepage\/impressum\" target=\"_blank\" rel=\"noopener noreferrer\">Impressum<\/a>&nbsp;genannte Anbieter dieser Website.<br>Die verantwortliche Stelle entscheidet allein oder gemeinsam mit anderen \u00fcber die Zwecke und Mittel der Verarbeitung von personenbezogenen Daten (z.B. Namen, Kontaktdaten o. \u00c4.).<\/p>\n<p><strong>Widerruf Ihrer Einwilligung zur Datenverarbeitung<\/strong><\/p>\n<p>Nur mit Ihrer ausdr\u00fccklichen Einwilligung sind einige Vorg\u00e4nge der Datenverarbeitung m\u00f6glich. Ein Widerruf Ihrer bereits erteilten Einwilligung ist jederzeit m\u00f6glich. F\u00fcr den Widerruf gen\u00fcgt eine formlose Mitteilung per E-Mail. Die Rechtm\u00e4\u00dfigkeit der bis zum Widerruf erfolgten Datenverarbeitung bleibt vom Widerruf unber\u00fchrt.<\/p>\n<p><strong>Recht auf Beschwerde bei der zust\u00e4ndigen Aufsichtsbeh\u00f6rde<\/strong><\/p>\n<p>Als Betroffener steht Ihnen im Falle eines datenschutzrechtlichen Versto\u00dfes ein Beschwerderecht bei der zust\u00e4ndigen Aufsichtsbeh\u00f6rde zu. Zust\u00e4ndige Aufsichtsbeh\u00f6rde bez\u00fcglich datenschutzrechtlicher Fragen ist der Landesdatenschutzbeauftragte des Bundeslandes, in dem sich der Sitz der verantwortlichen Stelle befindet. In diesem Fall ist der <a href=\"https:\/\/www.bfdi.bund.de\/SharedDocs\/Adressen\/LfD\/Bayern\">Datenschutzbeauftragte von Bayern<\/a> zust\u00e4ndig.&nbsp;<\/p>\n<p><strong>Recht auf Daten\u00fcbertragbarkeit<\/strong><\/p>\n<p>Ihnen steht das Recht zu, Daten, die wir auf Grundlage Ihrer Einwilligung oder in Erf\u00fcllung eines Vertrags automatisiert verarbeiten, an sich oder an Dritte aush\u00e4ndigen zu lassen. Die Bereitstellung erfolgt in einem maschinenlesbaren Format. Sofern Sie die direkte \u00dcbertragung der Daten an einen anderen Verantwortlichen verlangen, erfolgt dies nur, soweit es technisch machbar ist.<\/p>\n<p><strong>Recht auf Auskunft, Berichtigung, Sperrung, L\u00f6schung<\/strong><\/p>\n<p>Sie haben jederzeit im Rahmen der geltenden gesetzlichen Bestimmungen das Recht auf unentgeltliche Auskunft \u00fcber Ihre gespeicherten personenbezogenen Daten, Herkunft der Daten, deren Empf\u00e4nger und den Zweck der Datenverarbeitung und ggf. ein Recht auf Berichtigung, Sperrung oder L\u00f6schung dieser Daten. Diesbez\u00fcglich und auch zu weiteren Fragen zum Thema personenbezogene Daten k\u00f6nnen Sie sich jederzeit \u00fcber die im Impressum aufgef\u00fchrten Kontaktm\u00f6glichkeiten an uns wenden.<\/p>\n<p><strong>SSL- bzw. TLS-Verschl\u00fcsselung<\/strong><\/p>\n<p>Aus Sicherheitsgr\u00fcnden und zum Schutz der \u00dcbertragung vertraulicher Inhalte, die Sie an uns als Seitenbetreiber senden, nutzt unsere Website eine SSL-bzw. TLS-Verschl\u00fcsselung. Damit sind Daten, die Sie \u00fcber diese Website \u00fcbermitteln, f\u00fcr Dritte nicht mitlesbar. Sie erkennen eine verschl\u00fcsselte Verbindung an der \u201ehttps:\/\/\u201c Adresszeile Ihres Browsers und am Schloss-Symbol in der Browserzeile.<\/p>\n<p><strong>Kontaktformular<\/strong><\/p>\n<p>Per Kontaktformular \u00fcbermittelte Daten werden einschlie\u00dflich Ihrer Kontaktdaten gespeichert, um Ihre Anfrage bearbeiten zu k\u00f6nnen oder um f\u00fcr Anschlussfragen bereitzustehen. Eine Weitergabe dieser Daten findet ohne Ihre Einwilligung nicht statt.<\/p>\n<p>Die Verarbeitung der in das Kontaktformular eingegebenen Daten erfolgt ausschlie\u00dflich auf Grundlage Ihrer Einwilligung (Art. 6 Abs. 1 lit. a DSGVO). Ein Widerruf Ihrer bereits erteilten Einwilligung ist jederzeit m\u00f6glich. F\u00fcr den Widerruf gen\u00fcgt eine formlose Mitteilung per E-Mail. Die Rechtm\u00e4\u00dfigkeit der bis zum Widerruf erfolgten Datenverarbeitungsvorg\u00e4nge bleibt vom Widerruf unber\u00fchrt.<\/p>\n<p>\u00dcber das Kontaktformular \u00fcbermittelte Daten verbleiben bei uns, bis Sie uns zur L\u00f6schung auffordern, Ihre Einwilligung zur Speicherung widerrufen oder keine Notwendigkeit der Datenspeicherung mehr besteht. Zwingende gesetzliche Bestimmungen &#8211; insbesondere Aufbewahrungsfristen &#8211; bleiben unber\u00fchrt.<\/p>\n<p><strong>Speicherdauer von Beitr\u00e4gen und Kommentaren<\/strong><\/p>\n<p>Beitr\u00e4ge und Kommentare sowie damit in Verbindung stehende Daten, wie beispielsweise IP-Adressen, werden gespeichert. Der Inhalt verbleibt auf unserer Website, bis er vollst\u00e4ndig gel\u00f6scht wurde oder aus rechtlichen Gr\u00fcnden gel\u00f6scht werden musste.<\/p>\n<p>Die Speicherung der Beitr\u00e4ge und Kommentare erfolgt auf Grundlage Ihrer Einwilligung (Art. 6 Abs. 1 lit. a DSGVO). Ein Widerruf Ihrer bereits erteilten Einwilligung ist jederzeit m\u00f6glich. F\u00fcr den Widerruf gen\u00fcgt eine formlose Mitteilung per E-Mail. Die Rechtm\u00e4\u00dfigkeit bereits erfolgter Datenverarbeitungsvorg\u00e4nge bleibt vom Widerruf unber\u00fchrt.<\/p>\n<p><strong>Abonnieren von Kommentaren<\/strong><\/p>\n<p>Sie k\u00f6nnen als Nutzer unserer Website nach erfolgter Anmeldung Kommentare abonnieren. Mit einer Best\u00e4tigungs-E-Mail pr\u00fcfen wir, ob Sie der Inhaber der angegebenen E-Mail-Adresse sind. Sie k\u00f6nnen die Abo-Funktion f\u00fcr Kommentare jederzeit \u00fcber einen Link, der sich in einer Abo-Mail befindet, abbestellen. Zur Einrichtung des Abonnements eingegebene Daten werden im Falle der Abmeldung gel\u00f6scht. Sollten diese Daten f\u00fcr andere Zwecke und an anderer Stelle an uns \u00fcbermittelt worden sein, verbleiben diese weiterhin bei uns.<\/p>\n<p><strong>Newsletter-Daten<\/strong><\/p>\n<p>Zum Versenden unseres Newsletters ben\u00f6tigen wir von Ihnen eine E-Mail-Adresse. Eine Verifizierung der angegebenen E-Mail-Adresse ist notwendig und der Empfang des Newsletters ist einzuwilligen. Erg\u00e4nzende Daten werden nicht erhoben oder sind freiwillig. Die Verwendung der Daten erfolgt ausschlie\u00dflich f\u00fcr den Versand des Newsletters.<\/p>\n<p>Die bei der Newsletteranmeldung gemachten Daten werden ausschlie\u00dflich auf Grundlage Ihrer Einwilligung (Art. 6 Abs. 1 lit. a DSGVO) verarbeitet. Ein Widerruf Ihrer bereits erteilten Einwilligung ist jederzeit m\u00f6glich. F\u00fcr den Widerruf gen\u00fcgt eine formlose Mitteilung per E-Mail oder Sie melden sich \u00fcber den &#8222;Austragen&#8220;-Link im Newsletter ab. Die Rechtm\u00e4\u00dfigkeit der bereits erfolgten Datenverarbeitungsvorg\u00e4nge bleibt vom Widerruf unber\u00fchrt.<\/p>\n<p>Zur Einrichtung des Abonnements eingegebene Daten werden im Falle der Abmeldung gel\u00f6scht. Sollten diese Daten f\u00fcr andere Zwecke und an anderer Stelle an uns \u00fcbermittelt worden sein, verbleiben diese weiterhin bei uns.<\/p>\n<p><strong>YouTube<\/strong><\/p>\n<p>F\u00fcr Integration und Darstellung von Videoinhalten nutzt unsere Website Plugins von YouTube. Anbieter des Videoportals ist die YouTube, LLC, 901 Cherry Ave., San Bruno, CA 94066, USA.<\/p>\n<p>Bei Aufruf einer Seite mit integriertem YouTube-Plugin wird eine Verbindung zu den Servern von YouTube hergestellt. YouTube erf\u00e4hrt hierdurch, welche unserer Seiten Sie aufgerufen haben.<\/p>\n<p>YouTube kann Ihr Surfverhalten direkt Ihrem pers\u00f6nlichen Profil zuzuordnen, sollten Sie in Ihrem YouTube Konto eingeloggt sein. Durch vorheriges Ausloggen haben Sie die M\u00f6glichkeit, dies zu unterbinden.<\/p>\n<p>Die Nutzung von YouTube erfolgt im Interesse einer ansprechenden Darstellung unserer Online-Angebote. Dies stellt ein berechtigtes Interesse im Sinne von Art. 6 Abs. 1 lit. f DSGVO dar.<\/p>\n<p>Einzelheiten zum Umgang mit Nutzerdaten finden Sie in der Datenschutzerkl\u00e4rung von YouTube unter:&nbsp;<a href=\"https:\/\/www.google.de\/intl\/de\/policies\/privacy\">https:\/\/www.google.de\/intl\/de\/policies\/privacy<\/a>.<\/p>\n<p><strong>Matomo (ehemals Piwik)<\/strong><\/p>\n<p>Unsere Website verwendet den Webanalysedienst Matomo. Matomo ist eine Open Source L\u00f6sung.<\/p>\n<p>Matomo verwendet &#8222;Cookies.&#8220; Das sind kleine Textdateien, die Ihr Webbrowser auf Ihrem Endger\u00e4t speichert und die eine Analyse der Website-Benutzung erm\u00f6glichen. Mittels Cookie erzeugte Informationen \u00fcber die Benutzung unserer Website werden auf unserem Server gespeichert. Vor der Speicherung erfolgt eine Anonymisierung Ihrer IP-Adresse.<\/p>\n<p>Cookies von Matomo verbleiben auf Ihrem Endger\u00e4t, bis Sie eine L\u00f6schung vornehmen.<\/p>\n<p>Das Setzen von Matomo-Cookies erfolgt auf Grundlage von Art. 6 Abs. 1 lit. f DSGVO. Als Betreiber dieser Website haben wir ein berechtigtes Interesse an der anonymisierten Analyse des Nutzerverhaltens, um sowohl unser Webangebot und ggf. auch Werbung zu optimieren.<\/p>\n<p>Es erfolgt keine Weitergabe der im Matomo-Cookie gespeicherten Informationen \u00fcber die Benutzung dieser Website. Das Setzen von Cookies durch Ihren Webbrowser ist verhinderbar. Einige Funktionen unserer Website k\u00f6nnten dadurch jedoch eingeschr\u00e4nkt werden.<\/p>\n<p>Sie k\u00f6nnen hier die Speicherung und Nutzung Ihrer Daten deaktivieren. Ihr Browser setzt ein Opt-Out-Cookie, welches die Speicherung von Matomo Nutzungsdaten unterbindet. Wenn Sie Ihre Cookies l\u00f6schen, wird auch das Matomo Opt-Out-Cookie entfernt. Bei einem erneuten Besuch unserer Website ist das Opt-Out-Cookie zur Unterbindung der Speicherung und Nutzung Ihrer Daten erneut zu setzen.<\/p>\n\n\n<iframe style=\"border: 0; height: 100%; width: 100%;\" src=\"https:\/\/www.uk-waldmann.de\/analytics\/index.php? \n   module=CoreAdminHome&amp;action=optOut&amp;language=de&amp;\n   backgroundColor=4D638D&amp;\n   fontColor=FFFFFF&amp;\n   fontSize=11pt&amp;\n   fontFamily=arial\">\n<\/iframe>\n\n\n<p><strong>Google Web Fonts<\/strong><\/p>\n<p>Unsere Website verwendet Web Fonts von Google. Anbieter ist die Google Inc., 1600 Amphitheatre Parkway, Mountain View, CA 94043, USA.<\/p>\n<p>Durch den Einsatz dieser Web Fonts wird es m\u00f6glich Ihnen die von uns gew\u00fcnschte Darstellung unserer Website zu pr\u00e4sentieren, unabh\u00e4ngig davon welche Schriften Ihnen lokal zur Verf\u00fcgung stehen. Dies erfolgt \u00fcber den Abruf der Google Web Fonts von einem Server von Google in den USA und der damit verbundenen Weitergabe Ihre Daten an Google. Dabei handelt es sich um Ihre IP-Adresse und welche Seite Sie bei uns besucht haben. Der Einsatz von Google Web Fonts erfolgt auf Grundlage von Art. 6 Abs. 1 lit. f DSGVO. Als Betreiber dieser Website haben wir ein berechtigtes Interesse an der optimalen Darstellung und \u00dcbertragung unseres Webauftritts.<\/p>\n<p>Das Unternehmen Google ist f\u00fcr das us-europ\u00e4ische Datenschutz\u00fcbereinkommen &#8222;Privacy Shield&#8220; zertifiziert. Dieses Datenschutz\u00fcbereinkommen soll die Einhaltung des in der EU geltenden Datenschutzniveaus gew\u00e4hrleisten.<\/p>\n<p>Einzelheiten \u00fcber Google Web Fonts finden Sie unter: <a href=\"https:\/\/www.google.com\/fonts#AboutPlace:about\">https:\/\/www.google.com\/fonts#AboutPlace:about<\/a>&nbsp;<br>und weitere Informationen in den Datenschutzbestimmungen von Google: <a href=\"https:\/\/policies.google.com\/privacy\/partners?hl=de\">https:\/\/policies.google.com\/privacy\/partners?hl=de<\/a><\/p>\n<p><small>Quelle: Datenschutz-Konfigurator von&nbsp;<a href=\"http:\/\/www.mein-datenschutzbeauftragter.de\/\" target=\"_blank\" rel=\"noopener noreferrer\">mein-datenschutzbeauftragter.de<\/a><\/small><\/p>\n\n\n<p><\/p>\n","protected":false},"excerpt":{"rendered":"<p>Allgemeine Informationen zum Datenschutz Die folgenden Hinweise geben einen einfachen \u00dcberblick dar\u00fcber, was mit Ihren personenbezogenen Daten passiert, wenn Sie unsere Website besuchen. Personenbezogene Daten [&#8230;]<\/p>\n","protected":false},"author":1,"featured_media":0,"parent":328,"menu_order":40,"comment_status":"closed","ping_status":"closed","template":"","meta":{"_lmt_disableupdate":"","_lmt_disable":"","ngg_post_thumbnail":0,"footnotes":""},"class_list":["post-1264","page","type-page","status-publish","hentry"],"_links":{"self":[{"href":"https:\/\/uk-waldmann.de\/WP\/wp-json\/wp\/v2\/pages\/1264","targetHints":{"allow":["GET"]}}],"collection":[{"href":"https:\/\/uk-waldmann.de\/WP\/wp-json\/wp\/v2\/pages"}],"about":[{"href":"https:\/\/uk-waldmann.de\/WP\/wp-json\/wp\/v2\/types\/page"}],"author":[{"embeddable":true,"href":"https:\/\/uk-waldmann.de\/WP\/wp-json\/wp\/v2\/users\/1"}],"replies":[{"embeddable":true,"href":"https:\/\/uk-waldmann.de\/WP\/wp-json\/wp\/v2\/comments?post=1264"}],"version-history":[{"count":15,"href":"https:\/\/uk-waldmann.de\/WP\/wp-json\/wp\/v2\/pages\/1264\/revisions"}],"predecessor-version":[{"id":2001,"href":"https:\/\/uk-waldmann.de\/WP\/wp-json\/wp\/v2\/pages\/1264\/revisions\/2001"}],"up":[{"embeddable":true,"href":"https:\/\/uk-waldmann.de\/WP\/wp-json\/wp\/v2\/pages\/328"}],"wp:attachment":[{"href":"https:\/\/uk-waldmann.de\/WP\/wp-json\/wp\/v2\/media?parent=1264"}],"curies":[{"name":"wp","href":"https:\/\/api.w.org\/{rel}","templated":true}]}}