{"id":2127,"date":"2025-05-09T19:42:24","date_gmt":"2025-05-09T17:42:24","guid":{"rendered":"https:\/\/uk-waldmann.de\/WP\/?page_id=2127"},"modified":"2026-03-25T18:35:01","modified_gmt":"2026-03-25T17:35:01","slug":"lizenz-cc-by-nc-sa-4-0","status":"publish","type":"page","link":"https:\/\/uk-waldmann.de\/WP\/lizenz-cc-by-nc-sa-4-0\/","title":{"rendered":"LIZENZ CC BY-NC-SA 4.0"},"content":{"rendered":"\n<p class=\"has-text-align-right has-small-font-size\"><em>Stand 14. November 2025<\/em><\/p>\n\n\n\n<h2 class=\"wp-block-heading\">Lizenz f\u00fcr meine Bilder: CC BY-NC-SA 4.0<\/h2>\n\n\n\n<figure class=\"wp-block-image alignright is-resized\"><img loading=\"lazy\" decoding=\"async\" width=\"473\" height=\"165\" src=\"https:\/\/uk-waldmann.de\/WP\/wp-content\/uploads\/2025\/05\/CC-BY-NC-SA.jpg\" alt=\"Creative Commons CC BY-NC-SA 4.0\" class=\"wp-image-2132\" style=\"width:310px;height:auto\" srcset=\"https:\/\/uk-waldmann.de\/WP\/wp-content\/uploads\/2025\/05\/CC-BY-NC-SA.jpg 473w, https:\/\/uk-waldmann.de\/WP\/wp-content\/uploads\/2025\/05\/CC-BY-NC-SA-300x105.jpg 300w\" sizes=\"auto, (max-width: 473px) 100vw, 473px\" \/><\/figure>\n\n\n\n<p>Die Fotos, die ich in diesem Blog ver\u00f6ffentliche, habe ich alle selbst aufgenommen. Ich freue mich, wenn sie anderen gefallen \u2013 und ich gestatte ausdr\u00fccklich, dass sie <strong>weiterverwendet werden d\u00fcrfen<\/strong>, <strong>unter bestimmten Bedingungen<\/strong>.<\/p>\n\n\n\n<h3 class=\"wp-block-heading\">\ud83d\udd12 Das ist erlaubt:<\/h3>\n\n\n\n<ul class=\"wp-block-list\">\n<li>\ud83d\udccc <strong>Du darfst die Bilder teilen<\/strong> \u2013 z.&nbsp;B. auf deiner Website, in Pr\u00e4sentationen oder in Blogs.<\/li>\n\n\n\n<li>\u2702\ufe0f <strong>Du darfst sie bearbeiten<\/strong> \u2013 z.&nbsp;B. zuschneiden, farblich anpassen oder in ein Layout integrieren.<\/li>\n\n\n\n<li>\ud83d\ude4b\u200d\u2642\ufe0f <strong>Du musst meinen Namen nennen<\/strong>, zum Beispiel so:<br><em>Foto: \u00a9 Klaus Waldmann, lizenziert unter CC&nbsp;BY-NC-SA&nbsp;4.0<\/em><\/li>\n\n\n\n<li>\ud83d\udcce <strong>Wenn du bearbeitete Versionen ver\u00f6ffentlichst, m\u00fcssen sie wieder unter derselben Lizenz stehen<\/strong> (Weitergabe unter gleichen Bedingungen \u2013 \u201eShareAlike\u201c).<\/li>\n<\/ul>\n\n\n\n<h3 class=\"wp-block-heading\">\ud83d\udeab Das ist nicht erlaubt:<\/h3>\n\n\n\n<ul class=\"wp-block-list\">\n<li>\u274c <strong>Keine kommerzielle Nutzung<\/strong>:<br>Du darfst meine Bilder nicht verkaufen, in Werbung einsetzen oder in einem Produkt verwenden, das Geld einbringt \u2013 es sei denn, du fragst mich vorher und wir treffen eine schriftliche Vereinbarung.<\/li>\n\n\n\n<li>\u274c <strong>Keine Verwendung ohne Namensnennung<\/strong>:<br>Die Bilder d\u00fcrfen nicht anonym oder ohne Urheberhinweis verwendet werden.<\/li>\n<\/ul>\n\n\n\n<h3 class=\"wp-block-heading\">\u2139\ufe0f Offizielle Lizenz<\/h3>\n\n\n\n<p>Meine Bilder stehen unter der Lizenz:<br>\u27a1\ufe0f <a href=\"https:\/\/creativecommons.org\/licenses\/by-nc-sa\/4.0\/deed.de\" target=\"_blank\" rel=\"noreferrer noopener\">Creative Commons Namensnennung \u2013 Nicht-kommerziell \u2013 Weitergabe unter gleichen Bedingungen 4.0 International (CC&nbsp;BY-NC-SA&nbsp;4.0)<\/a><\/p>\n\n\n\n<h3 class=\"wp-block-heading\">\ud83d\udce8 Kommerzielle Nutzung?<\/h3>\n\n\n\n<p>Wenn du meine Bilder kommerziell nutzen m\u00f6chtest, schreib mir bitte \u00fcber das <a href=\"https:\/\/uk-waldmann.de\/WP\/kontakt\/\" target=\"_blank\" rel=\"noreferrer noopener\">Kontaktformular<\/a>. Ich bin offen f\u00fcr Anfragen \u2013 besonders, wenn es um faire und transparente Projekte geht.<\/p>\n\n\n\n<h3 class=\"wp-block-heading\">\u2696\ufe0f Rechtliche Hinweise (Urheberrecht &amp; Recht am eigenen Bild)<\/h3>\n\n\n\n<p>Die unter den Dom\u00e4nen <a href=\"https:\/\/www.uk-waldmann.de\/\" target=\"_blank\" rel=\"noreferrer noopener\">www.uk-waldmann.de<\/a> zur Verf\u00fcgung gestellten Fotos k\u00f6nnen zus\u00e4tzlich zum Lizenzmodell CC&nbsp;BY-NC-SA&nbsp;4.0 dem Urheberrecht gem\u00e4\u00df <a href=\"http:\/\/dejure.org\/gesetze\/UrhG\/2.html\" target=\"_blank\" rel=\"noreferrer noopener\">\u00a7&nbsp;2 UrhG<\/a> und <a href=\"http:\/\/dejure.org\/gesetze\/UrhG\/72.html\" target=\"_blank\" rel=\"noreferrer noopener\">\u00a7&nbsp;72 UrhG<\/a> unterliegen. Abgebildete Personen k\u00f6nnen au\u00dferdem ein Recht am eigenen Bild gem\u00e4\u00df <a href=\"http:\/\/www.gesetze-im-internet.de\/kunsturhg\/__22.html\" target=\"_blank\" rel=\"noreferrer noopener\">\u00a7&nbsp;22 KuG<\/a> geltend machen.<\/p>\n\n\n\n<p>F\u00fcr die Bereitstellung unter den oben genannten Dom\u00e4nen liegen mir, wo erforderlich, die entsprechenden Freigaben der abgebildeten Personen vor. Bei der Verwendung von Bildern, die unter \u00a7&nbsp;2 UrhG fallen, hat der Lizenznehmer selbst f\u00fcr die notwendigen weiteren Nutzungsrechte zu sorgen.<\/p>\n\n\n\n<p class=\"has-text-align-right has-small-font-size\"><br><em>Seite wurde erstellt mit Unterst\u00fctzung<\/em><br><em> durch UKWs ChatGPT Alex<\/em><\/p>\n\n\n\n<p><\/p>\n\n\n\n<p><\/p>\n\n\n\n<p><\/p>\n\n\n\n<p><\/p>\n","protected":false},"excerpt":{"rendered":"<p>Stand 14. November 2025 Lizenz f\u00fcr meine Bilder: CC BY-NC-SA 4.0 Die Fotos, die ich in diesem Blog ver\u00f6ffentliche, habe ich alle selbst aufgenommen. Ich [&#8230;]<\/p>\n","protected":false},"author":1,"featured_media":0,"parent":0,"menu_order":0,"comment_status":"closed","ping_status":"closed","template":"templates\/template-no-title.php","meta":{"_lmt_disableupdate":"","_lmt_disable":"","ngg_post_thumbnail":0,"footnotes":""},"class_list":["post-2127","page","type-page","status-publish","hentry"],"_links":{"self":[{"href":"https:\/\/uk-waldmann.de\/WP\/wp-json\/wp\/v2\/pages\/2127","targetHints":{"allow":["GET"]}}],"collection":[{"href":"https:\/\/uk-waldmann.de\/WP\/wp-json\/wp\/v2\/pages"}],"about":[{"href":"https:\/\/uk-waldmann.de\/WP\/wp-json\/wp\/v2\/types\/page"}],"author":[{"embeddable":true,"href":"https:\/\/uk-waldmann.de\/WP\/wp-json\/wp\/v2\/users\/1"}],"replies":[{"embeddable":true,"href":"https:\/\/uk-waldmann.de\/WP\/wp-json\/wp\/v2\/comments?post=2127"}],"version-history":[{"count":23,"href":"https:\/\/uk-waldmann.de\/WP\/wp-json\/wp\/v2\/pages\/2127\/revisions"}],"predecessor-version":[{"id":2231,"href":"https:\/\/uk-waldmann.de\/WP\/wp-json\/wp\/v2\/pages\/2127\/revisions\/2231"}],"wp:attachment":[{"href":"https:\/\/uk-waldmann.de\/WP\/wp-json\/wp\/v2\/media?parent=2127"}],"curies":[{"name":"wp","href":"https:\/\/api.w.org\/{rel}","templated":true}]}}