{"id":2192,"date":"2025-11-15T11:12:40","date_gmt":"2025-11-15T10:12:40","guid":{"rendered":"https:\/\/uk-waldmann.de\/WP\/?page_id=2192"},"modified":"2025-11-16T09:45:38","modified_gmt":"2025-11-16T08:45:38","slug":"test-kacheln","status":"publish","type":"page","link":"https:\/\/uk-waldmann.de\/WP\/","title":{"rendered":"UKWs Landingpage"},"content":{"rendered":"\n<p><a href=\"https:\/\/uk-waldmann.de\/WP\/reisen\/\"><\/a><\/p>\n\n\n\n<div class=\"wp-block-columns is-layout-flex wp-container-core-columns-is-layout-9d6595d7 wp-block-columns-is-layout-flex\">\n<div class=\"wp-block-column is-layout-flow wp-block-column-is-layout-flow\"><ul class=\"wp-block-latest-posts__list wp-block-latest-posts\"><li><a class=\"wp-block-latest-posts__post-title\" href=\"https:\/\/uk-waldmann.de\/WP\/intro\/\">Herzlich Willkommen bei 2 Franken<\/a><div class=\"wp-block-latest-posts__post-full-content\"><!-- wp:paragraph -->\n<p>Derzeit wird intensive gearbeitet. Wir sind bald fertig. <br>Unsere alten DIAs (Begriff aus der Fotografie: vorf\u00fchrfertiges gerahmtes Durchlichtbild, Diapositiv als gerahmtes Kleinbild f\u00fcr die diaskopische Projektion) sind weitestgehend eingescannt und die vielen vielen Digitalbilder schon teilweise aussortiert. Der Spreu wird mit viel Liebe und Zeit vom Weizen getrennt. Das Ergebnis stellen wir hier nun Zug um Zug zur Verf\u00fcgung.<\/p>\n<!-- \/wp:paragraph -->\n\n<!-- wp:paragraph -->\n<p>Der Kern unserer Webseite sind Informationen und Geschichten rund um unsere Reisen und Ausfl\u00fcge. Dabei sind viele Wanderungen im Western der USA, oder in Deutschland und Europa.<\/p>\n<!-- \/wp:paragraph -->\n\n<!-- wp:paragraph -->\n<p>Weiter haben wir aber auch Berichte \u00fcber unser Engagement in der Fl\u00fcchtlingsarbeit in Erlangen erstellt und lassen den Blick der Besucher \u00fcber das Evangelisch-Lutherische Dekanat Erlangen schweifen.<\/p>\n<!-- \/wp:paragraph -->\n\n<!-- wp:paragraph -->\n<p>Nicht zu kurz kommen sollen dabei auch viele Aufnahmen aus der Natur, seien es Blumen oder Tiere um uns herum.<\/p>\n<!-- \/wp:paragraph -->\n\n<!-- wp:paragraph {\"align\":\"right\",\"fontSize\":\"small\"} -->\n<p class=\"has-text-align-right has-small-font-size\">Viel Spa\u00df beim Durchst\u00f6bern unserer Seiten<br>UK Waldmann<\/p>\n<!-- \/wp:paragraph -->\n\n<!-- wp:paragraph -->\n<p><\/p>\n<!-- \/wp:paragraph --><\/div><\/li>\n<\/ul><\/div>\n\n\n\n<div class=\"wp-block-column is-layout-flow wp-block-column-is-layout-flow\">\nngg_shortcode_0_placeholder\n<\/div>\n<\/div>\n\n\n\n<p><a href=\"https:\/\/uk-waldmann.de\/WP\/reisen\/\"><\/a><\/p>\n\n\n\n<div class=\"ukw-landing-grid\">\n\n  <!-- Unterwegs -->\n  <a class=\"ukw-landing-tile ukw-tile-unterwegs\"\n     href=\"https:\/\/uk-waldmann.de\/WP\/reisen\/\">\n    <h2>Unterwegs<\/h2>\n    <p>\n      Reisen, die bewegen \u2013 und Geschichten, die bleiben.\n      Wir teilen unsere Erlebnisse, Eindr\u00fccke und sch\u00f6nsten Fotos aus nah und fern.\n      Pers\u00f6nlich, locker und ohne Reisef\u00fchrer-Ton \u2013 einfach unterwegs mit UKW.\n    <\/p>\n  <\/a>\n\n  <!-- Unantastbar -->\n  <a class=\"ukw-landing-tile ukw-tile-unantastbar\"\n     href=\"https:\/\/uk-waldmann.de\/WP\/wir-flucht\/\">\n    <h2>Unantastbar<\/h2>\n    <p>\n      Die W\u00fcrde des Menschen ist unantastbar \u2013 \u00fcberall und f\u00fcr jeden Menschen.\n      Hier machen wir aufmerksam, zeigen Missst\u00e4nde und erz\u00e4hlen Geschichten,\n      die daran erinnern, dass die W\u00fcrde des Menschen unantastbar ist.\n    <\/p>\n  <\/a>\n\n  <!-- Unglaube -->\n  <a class=\"ukw-landing-tile ukw-tile-unglaube\"\n     href=\"https:\/\/uk-waldmann.de\/WP\/church\/\">\n    <h2>Unglaube<\/h2>\n    <p>\n      Glaube, Kultur und Kirche \u2013 nahbar und menschlich.\n      Wir zeigen das Dekanat Erlangen, \u00f6ffnen T\u00fcren zu Gemeinden und blicken\n      \u00fcber den Tellerrand zu anderen Traditionen und Hilfsprojekten.\n    <\/p>\n  <\/a>\n\n  <!-- Um uns -->\n  <a class=\"ukw-landing-tile ukw-tile-um-uns\"\n     href=\"https:\/\/uk-waldmann.de\/WP\/wir\/\">\n    <h2>Um uns<\/h2>\n    <p>\n      Dinge, die uns bewegen \u2013 aus unserer Welt, f\u00fcr unsere Welt.\n      Bilder, Gedanken und Geschichten aus unserer Gegend\n      und alles, was sonst nirgends reinpasst, uns aber wichtig ist.\n    <\/p>\n  <\/a>\n\n<\/div>\n","protected":false},"excerpt":{"rendered":"<p>Unterwegs Reisen, die bewegen \u2013 und Geschichten, die bleiben. Wir teilen unsere Erlebnisse, Eindr\u00fccke und sch\u00f6nsten Fotos aus nah und fern. Pers\u00f6nlich, locker und ohne [&#8230;]<\/p>\n","protected":false},"author":1,"featured_media":0,"parent":0,"menu_order":0,"comment_status":"closed","ping_status":"closed","template":"templates\/template-fullwidth-no-title.php","meta":{"_lmt_disableupdate":"no","_lmt_disable":"","ngg_post_thumbnail":0,"footnotes":""},"class_list":["post-2192","page","type-page","status-publish","hentry"],"_links":{"self":[{"href":"https:\/\/uk-waldmann.de\/WP\/wp-json\/wp\/v2\/pages\/2192","targetHints":{"allow":["GET"]}}],"collection":[{"href":"https:\/\/uk-waldmann.de\/WP\/wp-json\/wp\/v2\/pages"}],"about":[{"href":"https:\/\/uk-waldmann.de\/WP\/wp-json\/wp\/v2\/types\/page"}],"author":[{"embeddable":true,"href":"https:\/\/uk-waldmann.de\/WP\/wp-json\/wp\/v2\/users\/1"}],"replies":[{"embeddable":true,"href":"https:\/\/uk-waldmann.de\/WP\/wp-json\/wp\/v2\/comments?post=2192"}],"version-history":[{"count":9,"href":"https:\/\/uk-waldmann.de\/WP\/wp-json\/wp\/v2\/pages\/2192\/revisions"}],"predecessor-version":[{"id":2217,"href":"https:\/\/uk-waldmann.de\/WP\/wp-json\/wp\/v2\/pages\/2192\/revisions\/2217"}],"wp:attachment":[{"href":"https:\/\/uk-waldmann.de\/WP\/wp-json\/wp\/v2\/media?parent=2192"}],"curies":[{"name":"wp","href":"https:\/\/api.w.org\/{rel}","templated":true}]}}