{"id":328,"date":"2022-12-24T23:00:00","date_gmt":"2022-12-24T22:00:00","guid":{"rendered":"http:\/\/uk-waldmann.de\/WP\/?page_id=328"},"modified":"2025-11-11T11:48:39","modified_gmt":"2025-11-11T10:48:39","slug":"homepage","status":"publish","type":"page","link":"https:\/\/uk-waldmann.de\/WP\/homepage\/","title":{"rendered":"Startseite Magazin"},"content":{"rendered":"\n<div class=\"sue-splash\" data-once=\"no\" data-cookie=\"sue_splash_62f76cea3441db064388d7c68e404176\" data-esc=\"yes\" data-close=\"yes\" data-onclick=\"close-bg\" data-url=\"\" data-opacity=\"0.8\" data-width=\"480\" data-style=\"sue-splash-style-light-boxed\" data-delay=\"0\"><div class=\"sue-splash-screen su-u-trim\">Sch\u00f6n, dass Sie hierher gefunden haben. Unsere Homepage ist aktuell in \u00dcberarbeitung. Trotzdem hoffen wir, dass Sie hier viele Informationen finden, nach welchen sie gesucht haben.<br><br>Danke und viele Gr\u00fc\u00dfe<br>UK Waldmann<\/div><\/div>\n\n\n\n<div class=\"wp-block-columns is-layout-flex wp-container-core-columns-is-layout-9d6595d7 wp-block-columns-is-layout-flex\">\n<div class=\"wp-block-column is-layout-flow wp-block-column-is-layout-flow\" style=\"flex-basis:35%\"><ul class=\"wp-block-latest-posts__list wp-block-latest-posts\"><li><a class=\"wp-block-latest-posts__post-title\" href=\"https:\/\/uk-waldmann.de\/WP\/reisen\/\">Unterwegs<\/a><div class=\"wp-block-latest-posts__post-full-content\"><!-- wp:paragraph -->\n<p>Hier finden Sie viele Informationen, Geschichten und noch mehr Bilder von unseren Reisen und Ausfl\u00fcgen.<br><\/p>\n<!-- \/wp:paragraph --><\/div><\/li>\n<li><a class=\"wp-block-latest-posts__post-title\" href=\"https:\/\/uk-waldmann.de\/WP\/asyl\/\">Unantastbar<\/a><div class=\"wp-block-latest-posts__post-full-content\"><!-- wp:paragraph -->\n<p>Die W\u00fcrde des Menschen ist <strong>unantastbar<\/strong>.<br>Sie ist zu achten und zu sch\u00fctzen.<\/p>\n<!-- \/wp:paragraph -->\n\n<!-- wp:paragraph {\"align\":\"right\",\"style\":{\"typography\":{\"fontSize\":\"10px\"}}} -->\n<p class=\"has-text-align-right\" style=\"font-size:10px\">Art. 1 Charta der Grundrechte der EU<\/p>\n<!-- \/wp:paragraph --><\/div><\/li>\n<li><a class=\"wp-block-latest-posts__post-title\" href=\"https:\/\/uk-waldmann.de\/WP\/church\/\">(Un)Glaube<\/a><div class=\"wp-block-latest-posts__post-full-content\"><!-- wp:paragraph -->\n<p>Hier planen wir unsere Besucher \u00fcber das Evangelisch Lutherische Dekanat Erlangen und dessen Kirchengemeinden zu informieren. Ausfl\u00fcge \u00fcber den Tellerrand zu anderen Glaubensrichtungen sowie der (Landes-) Kirche sind nat\u00fcrlich eingeschlossen.<br><\/p>\n<!-- \/wp:paragraph --><\/div><\/li>\n<li><a class=\"wp-block-latest-posts__post-title\" href=\"https:\/\/uk-waldmann.de\/WP\/wir\/\">Um Uns herum<\/a><div class=\"wp-block-latest-posts__post-full-content\"><!-- wp:paragraph -->\n<p>Viel gibt es noch zu erfahren. <br>Viele Bilder und Infos aus der Gegend<br>Nachfolgend ein Einblick<\/p>\n<!-- \/wp:paragraph -->\n\n<!-- wp:paragraph -->\n<p><\/p>\n<!-- \/wp:paragraph --><\/div><\/li>\n<\/ul><\/div>\n\n\n\n<div class=\"wp-block-column is-layout-flow wp-block-column-is-layout-flow\" style=\"flex-basis:50%\">\nngg_shortcode_0_placeholder\n\n\n<ul class=\"wp-block-latest-posts__list wp-block-latest-posts\"><li><a class=\"wp-block-latest-posts__post-title\" href=\"https:\/\/uk-waldmann.de\/WP\/intro\/\">Herzlich Willkommen bei 2 Franken<\/a><div class=\"wp-block-latest-posts__post-full-content\"><!-- wp:paragraph -->\n<p>Derzeit wird intensive gearbeitet. Wir sind bald fertig. <br>Unsere alten DIAs (Begriff aus der Fotografie: vorf\u00fchrfertiges gerahmtes Durchlichtbild, Diapositiv als gerahmtes Kleinbild f\u00fcr die diaskopische Projektion) sind weitestgehend eingescannt und die vielen vielen Digitalbilder schon teilweise aussortiert. Der Spreu wird mit viel Liebe und Zeit vom Weizen getrennt. Das Ergebnis stellen wir hier nun Zug um Zug zur Verf\u00fcgung.<\/p>\n<!-- \/wp:paragraph -->\n\n<!-- wp:paragraph -->\n<p>Der Kern unserer Webseite sind Informationen und Geschichten rund um unsere Reisen und Ausfl\u00fcge. Dabei sind viele Wanderungen im Western der USA, oder in Deutschland und Europa.<\/p>\n<!-- \/wp:paragraph -->\n\n<!-- wp:paragraph -->\n<p>Weiter haben wir aber auch Berichte \u00fcber unser Engagement in der Fl\u00fcchtlingsarbeit in Erlangen erstellt und lassen den Blick der Besucher \u00fcber das Evangelisch-Lutherische Dekanat Erlangen schweifen.<\/p>\n<!-- \/wp:paragraph -->\n\n<!-- wp:paragraph -->\n<p>Nicht zu kurz kommen sollen dabei auch viele Aufnahmen aus der Natur, seien es Blumen oder Tiere um uns herum.<\/p>\n<!-- \/wp:paragraph -->\n\n<!-- wp:paragraph {\"align\":\"right\",\"fontSize\":\"small\"} -->\n<p class=\"has-text-align-right has-small-font-size\">Viel Spa\u00df beim Durchst\u00f6bern unserer Seiten<br>UK Waldmann<\/p>\n<!-- \/wp:paragraph -->\n\n<!-- wp:paragraph -->\n<p><\/p>\n<!-- \/wp:paragraph --><\/div><\/li>\n<\/ul><\/div>\n<\/div>\n","protected":false},"excerpt":{"rendered":"","protected":false},"author":1,"featured_media":0,"parent":0,"menu_order":0,"comment_status":"closed","ping_status":"closed","template":"templates\/template-fullwidth-no-title.php","meta":{"_lmt_disableupdate":"","_lmt_disable":"","ngg_post_thumbnail":0,"footnotes":""},"class_list":["post-328","page","type-page","status-publish","hentry"],"_links":{"self":[{"href":"https:\/\/uk-waldmann.de\/WP\/wp-json\/wp\/v2\/pages\/328","targetHints":{"allow":["GET"]}}],"collection":[{"href":"https:\/\/uk-waldmann.de\/WP\/wp-json\/wp\/v2\/pages"}],"about":[{"href":"https:\/\/uk-waldmann.de\/WP\/wp-json\/wp\/v2\/types\/page"}],"author":[{"embeddable":true,"href":"https:\/\/uk-waldmann.de\/WP\/wp-json\/wp\/v2\/users\/1"}],"replies":[{"embeddable":true,"href":"https:\/\/uk-waldmann.de\/WP\/wp-json\/wp\/v2\/comments?post=328"}],"version-history":[{"count":29,"href":"https:\/\/uk-waldmann.de\/WP\/wp-json\/wp\/v2\/pages\/328\/revisions"}],"predecessor-version":[{"id":2176,"href":"https:\/\/uk-waldmann.de\/WP\/wp-json\/wp\/v2\/pages\/328\/revisions\/2176"}],"wp:attachment":[{"href":"https:\/\/uk-waldmann.de\/WP\/wp-json\/wp\/v2\/media?parent=328"}],"curies":[{"name":"wp","href":"https:\/\/api.w.org\/{rel}","templated":true}]}}